{"id":19,"date":"2015-07-24T20:12:45","date_gmt":"2015-07-24T18:12:45","guid":{"rendered":"http:\/\/mena-water.eu\/es\/?page_id=19"},"modified":"2020-09-01T15:06:05","modified_gmt":"2020-09-01T13:06:05","slug":"containerized","status":"publish","type":"page","link":"https:\/\/mena-water.eu\/es\/containerized\/","title":{"rendered":"Soluciones en contenedores"},"content":{"rendered":"<h5 style=\"padding-top: 0px; margin-top: 0px; text-align: center; color: #009932;\">Las aguas residuales &#8211; Agua potable &#8211; tratamiento de lodos<\/h5>\n<p><img loading=\"lazy\" decoding=\"async\" class=\"alignnone size-full wp-image-8\" src=\"https:\/\/mena-water.eu\/es\/wp-content\/uploads\/sites\/11\/2015\/07\/containeranlagen.jpg\" alt=\"\" width=\"1600\" height=\"600\" srcset=\"https:\/\/mena-water.eu\/es\/wp-content\/uploads\/sites\/11\/2015\/07\/containeranlagen.jpg 1600w, https:\/\/mena-water.eu\/es\/wp-content\/uploads\/sites\/11\/2015\/07\/containeranlagen-300x113.jpg 300w, https:\/\/mena-water.eu\/es\/wp-content\/uploads\/sites\/11\/2015\/07\/containeranlagen-768x288.jpg 768w, https:\/\/mena-water.eu\/es\/wp-content\/uploads\/sites\/11\/2015\/07\/containeranlagen-1024x384.jpg 1024w\" sizes=\"auto, (max-width: 1600px) 100vw, 1600px\" \/><br \/>\n<strong class=\"h-links\" style=\"font-size: 120%; color: #3e5daf;\">Las plantas envasadas en envases son soluciones preparadas.<\/strong><br \/>\n<img loading=\"lazy\" decoding=\"async\" class=\"alignright\" style=\"float: right; margin-left: 20px; margin-top: 30px; margin-bottom: 20px;\" src=\"https:\/\/www.mena-water.eu\/pictures\/package-container.jpg\" alt=\"container\" width=\"200\" height=\"200\" \/><br \/>\n<span style=\"white-space: nowrap;\">La planta completa<\/span> estar\u00e1 lista para montar como unidades de embalaje o en contenedores ISO est\u00e1ndar para facilitar el transporte y la entrega r\u00e1pida.<\/p>\n<p>Equipos de calidad europeos y nuestra fabricaci\u00f3n certificada garantizar\u00e1 alta calidad. En el lugar de la instalaci\u00f3n s\u00f3lo necesita poco tiempo con un m\u00ednimo de obras civiles. En el lugar s\u00f3lo hay necesidad de tuber\u00edas y algunos cabelling.<!--more--><\/p>\n<p>Esto permite una r\u00e1pida realizaci\u00f3n. Tambi\u00e9n las plantas son f\u00e1ciles de ampliar con unidades adicionales o m\u00f3viles a nuevas ubicaciones.<\/p>\n<p>El concepto est\u00e1 disponible para el manejo de agua potable y aguas residuales y desecaci\u00f3n m\u00f3vil de lodos.<\/p>\n<p><strong style=\"font-size: 120%; color: #3e5daf;\">Ventajas de las soluciones de paquetes<\/strong><\/p>\n<p><img decoding=\"async\" style=\"float: right; align: right; margin-left: 20px; border: 0px solid #bbbbbb;\" title=\"MBR Plant 150 m\u00b3\/d\" src=\"https:\/\/www.mena-water.eu\/pictures\/mbr150.gif\" alt=\"MBR Package Plant\" \/><\/p>\n<ul>\n<li>Planta prefabricada de contenedores<\/li>\n<li>M\u00ednimo de obras civiles en el sitio<\/li>\n<li>Extensible con m\u00f3dulos<\/li>\n<li>F\u00e1cil traslado a nueva ubicaci\u00f3n<\/li>\n<li>Modificaci\u00f3n de las instalaciones existentes<\/li>\n<li>Fuente de alimentaci\u00f3n independiente a trav\u00e9s del generador<\/li>\n<\/ul>\n<p style=\"text-align: center;\">m\u00e1s informaci\u00f3n: <a title=\"english language\" href=\"https:\/\/mena-water.eu\/es\/tag\/soluciones-en-contenedores\/\">leer m\u00e1s &gt;&gt;<\/a><\/p>\n<p style=\"text-align: center;\">Referencia: <a title=\"english language\" href=\"https:\/\/mena-water.eu\/es\/category\/referencias\/aguas-residuales\/\">leer m\u00e1s &gt;&gt;<\/a><\/p>\n<ol class=\"packageinfo\" style=\"list-style-type: none; align: center; margin-left: 55px;\">\n<li style=\"width: 150px; border: 1px solid #aaa; margin: 0px; background-color: #f6f6f6; text-align: center; float: left;\"><a class=\"packageinfo\" href=\"http:\/\/mena-water.eu\/es\/container\/drinkingwater\/\"> drinking water <\/a><\/li>\n<li style=\"width: 150px; border: 1px solid #aaa; margin: 0px; background-color: #f6f6f6; text-align: center; float: left;\"><a class=\"packageinfo\" href=\"https:\/\/mena-water.eu\/es\/container\/unidades-moviles-de-osmosis-inversa\/\"> reverse osmosis <\/a><\/li>\n<li style=\"width: 150px; border: 1px solid #aaa; margin: 0px; background-color: #f6f6f6; text-align: center; float: left;\"><a class=\"packageinfo\" href=\"https:\/\/mena-water.eu\/es\/container\/mbr\/\"> waste water <\/a><\/li>\n<li style=\"width: 150px; border: 1px solid #aaa; margin: 0px; background-color: #f6f6f6; text-align: center; float: left;\"><a class=\"packageinfo\" href=\"https:\/\/mena-water.eu\/es\/container\/sludge-dewatering\/\"> sludge dewatering <\/a><\/li>\n<\/ol>\n<div style=\"clear: both;\"><\/div>\n<div style=\"clear: both;\"><\/div>\n\n\t\t<style type=\"text\/css\">\n\t\t\t#gallery-1 {\n\t\t\t\tmargin: auto;\n\t\t\t}\n\t\t\t#gallery-1 .gallery-item {\n\t\t\t\tfloat: left;\n\t\t\t\tmargin-top: 10px;\n\t\t\t\ttext-align: center;\n\t\t\t\twidth: 25%;\n\t\t\t}\n\t\t\t#gallery-1 img {\n\t\t\t\tborder: 2px solid #cfcfcf;\n\t\t\t}\n\t\t\t#gallery-1 .gallery-caption {\n\t\t\t\tmargin-left: 0;\n\t\t\t}\n\t\t\t\/* see gallery_shortcode() in wp-includes\/media.php *\/\n\t\t<\/style>\n\t\t<div id='gallery-1' class='gallery galleryid-19 gallery-columns-4 gallery-size-thumbnail'><dl class='gallery-item'>\n\t\t\t<dt class='gallery-icon landscape'>\n\t\t\t\t<a href='https:\/\/mena-water.eu\/es\/wp-content\/uploads\/sites\/11\/2015\/07\/MENA-PACKAGE.jpg'><img loading=\"lazy\" decoding=\"async\" width=\"200\" height=\"200\" src=\"https:\/\/mena-water.eu\/es\/wp-content\/uploads\/sites\/11\/2015\/07\/MENA-PACKAGE-250x250.jpg\" class=\"attachment-thumbnail size-thumbnail\" alt=\"\" srcset=\"https:\/\/mena-water.eu\/es\/wp-content\/uploads\/sites\/11\/2015\/07\/MENA-PACKAGE-250x250.jpg 250w, https:\/\/mena-water.eu\/es\/wp-content\/uploads\/sites\/11\/2015\/07\/MENA-PACKAGE-100x100.jpg 100w, https:\/\/mena-water.eu\/es\/wp-content\/uploads\/sites\/11\/2015\/07\/MENA-PACKAGE-150x150.jpg 150w\" sizes=\"auto, (max-width: 200px) 100vw, 200px\" \/><\/a>\n\t\t\t<\/dt><\/dl><dl class='gallery-item'>\n\t\t\t<dt class='gallery-icon landscape'>\n\t\t\t\t<a href='https:\/\/mena-water.eu\/es\/wp-content\/uploads\/sites\/11\/2017\/02\/MENA_drinking-water.jpg'><img loading=\"lazy\" decoding=\"async\" width=\"200\" height=\"200\" src=\"https:\/\/mena-water.eu\/es\/wp-content\/uploads\/sites\/11\/2017\/02\/MENA_drinking-water-250x250.jpg\" class=\"attachment-thumbnail size-thumbnail\" alt=\"\" srcset=\"https:\/\/mena-water.eu\/es\/wp-content\/uploads\/sites\/11\/2017\/02\/MENA_drinking-water-250x250.jpg 250w, https:\/\/mena-water.eu\/es\/wp-content\/uploads\/sites\/11\/2017\/02\/MENA_drinking-water-100x100.jpg 100w, https:\/\/mena-water.eu\/es\/wp-content\/uploads\/sites\/11\/2017\/02\/MENA_drinking-water-150x150.jpg 150w\" sizes=\"auto, (max-width: 200px) 100vw, 200px\" \/><\/a>\n\t\t\t<\/dt><\/dl><dl class='gallery-item'>\n\t\t\t<dt class='gallery-icon landscape'>\n\t\t\t\t<a href='https:\/\/mena-water.eu\/es\/wp-content\/uploads\/sites\/11\/2017\/02\/MBR-MENA.jpg'><img loading=\"lazy\" decoding=\"async\" width=\"200\" height=\"200\" src=\"https:\/\/mena-water.eu\/es\/wp-content\/uploads\/sites\/11\/2017\/02\/MBR-MENA-250x250.jpg\" class=\"attachment-thumbnail size-thumbnail\" alt=\"\" srcset=\"https:\/\/mena-water.eu\/es\/wp-content\/uploads\/sites\/11\/2017\/02\/MBR-MENA-250x250.jpg 250w, https:\/\/mena-water.eu\/es\/wp-content\/uploads\/sites\/11\/2017\/02\/MBR-MENA-100x100.jpg 100w, https:\/\/mena-water.eu\/es\/wp-content\/uploads\/sites\/11\/2017\/02\/MBR-MENA-150x150.jpg 150w\" sizes=\"auto, (max-width: 200px) 100vw, 200px\" \/><\/a>\n\t\t\t<\/dt><\/dl><dl class='gallery-item'>\n\t\t\t<dt class='gallery-icon landscape'>\n\t\t\t\t<a href='https:\/\/mena-water.eu\/es\/wp-content\/uploads\/sites\/11\/2015\/07\/sludge-dewatering.jpg'><img loading=\"lazy\" decoding=\"async\" width=\"200\" height=\"200\" src=\"https:\/\/mena-water.eu\/es\/wp-content\/uploads\/sites\/11\/2015\/07\/sludge-dewatering-250x250.jpg\" class=\"attachment-thumbnail size-thumbnail\" alt=\"\" srcset=\"https:\/\/mena-water.eu\/es\/wp-content\/uploads\/sites\/11\/2015\/07\/sludge-dewatering-250x250.jpg 250w, https:\/\/mena-water.eu\/es\/wp-content\/uploads\/sites\/11\/2015\/07\/sludge-dewatering-100x100.jpg 100w, https:\/\/mena-water.eu\/es\/wp-content\/uploads\/sites\/11\/2015\/07\/sludge-dewatering-150x150.jpg 150w\" sizes=\"auto, (max-width: 200px) 100vw, 200px\" \/><\/a>\n\t\t\t<\/dt><\/dl><br style=\"clear: both\" \/><dl class='gallery-item'>\n\t\t\t<dt class='gallery-icon landscape'>\n\t\t\t\t<a href='https:\/\/mena-water.eu\/es\/wp-content\/uploads\/sites\/11\/2015\/07\/drinking-water.jpg'><img loading=\"lazy\" decoding=\"async\" width=\"200\" height=\"200\" src=\"https:\/\/mena-water.eu\/es\/wp-content\/uploads\/sites\/11\/2015\/07\/drinking-water-250x250.jpg\" class=\"attachment-thumbnail size-thumbnail\" alt=\"\" srcset=\"https:\/\/mena-water.eu\/es\/wp-content\/uploads\/sites\/11\/2015\/07\/drinking-water-250x250.jpg 250w, https:\/\/mena-water.eu\/es\/wp-content\/uploads\/sites\/11\/2015\/07\/drinking-water-100x100.jpg 100w, https:\/\/mena-water.eu\/es\/wp-content\/uploads\/sites\/11\/2015\/07\/drinking-water-150x150.jpg 150w\" sizes=\"auto, (max-width: 200px) 100vw, 200px\" \/><\/a>\n\t\t\t<\/dt><\/dl><dl class='gallery-item'>\n\t\t\t<dt class='gallery-icon landscape'>\n\t\t\t\t<a href='https:\/\/mena-water.eu\/es\/wp-content\/uploads\/sites\/11\/2015\/07\/containeranlagen.jpg'><img loading=\"lazy\" decoding=\"async\" width=\"200\" height=\"200\" src=\"https:\/\/mena-water.eu\/es\/wp-content\/uploads\/sites\/11\/2015\/07\/containeranlagen-250x250.jpg\" class=\"attachment-thumbnail size-thumbnail\" alt=\"\" srcset=\"https:\/\/mena-water.eu\/es\/wp-content\/uploads\/sites\/11\/2015\/07\/containeranlagen-250x250.jpg 250w, https:\/\/mena-water.eu\/es\/wp-content\/uploads\/sites\/11\/2015\/07\/containeranlagen-100x100.jpg 100w, https:\/\/mena-water.eu\/es\/wp-content\/uploads\/sites\/11\/2015\/07\/containeranlagen-150x150.jpg 150w\" sizes=\"auto, (max-width: 200px) 100vw, 200px\" \/><\/a>\n\t\t\t<\/dt><\/dl><dl class='gallery-item'>\n\t\t\t<dt class='gallery-icon landscape'>\n\t\t\t\t<a href='https:\/\/mena-water.eu\/es\/wp-content\/uploads\/sites\/11\/2015\/07\/kompaktanlagen.jpg'><img loading=\"lazy\" decoding=\"async\" width=\"200\" height=\"200\" src=\"https:\/\/mena-water.eu\/es\/wp-content\/uploads\/sites\/11\/2015\/07\/kompaktanlagen-250x250.jpg\" class=\"attachment-thumbnail size-thumbnail\" alt=\"\" srcset=\"https:\/\/mena-water.eu\/es\/wp-content\/uploads\/sites\/11\/2015\/07\/kompaktanlagen-250x250.jpg 250w, https:\/\/mena-water.eu\/es\/wp-content\/uploads\/sites\/11\/2015\/07\/kompaktanlagen-100x100.jpg 100w, https:\/\/mena-water.eu\/es\/wp-content\/uploads\/sites\/11\/2015\/07\/kompaktanlagen-150x150.jpg 150w\" sizes=\"auto, (max-width: 200px) 100vw, 200px\" \/><\/a>\n\t\t\t<\/dt><\/dl><dl class='gallery-item'>\n\t\t\t<dt class='gallery-icon landscape'>\n\t\t\t\t<a href='https:\/\/mena-water.eu\/es\/wp-content\/uploads\/sites\/11\/2015\/07\/containerized.jpg'><img loading=\"lazy\" decoding=\"async\" width=\"200\" height=\"200\" src=\"https:\/\/mena-water.eu\/es\/wp-content\/uploads\/sites\/11\/2015\/07\/containerized-250x250.jpg\" class=\"attachment-thumbnail size-thumbnail\" alt=\"\" srcset=\"https:\/\/mena-water.eu\/es\/wp-content\/uploads\/sites\/11\/2015\/07\/containerized-250x250.jpg 250w, https:\/\/mena-water.eu\/es\/wp-content\/uploads\/sites\/11\/2015\/07\/containerized-100x100.jpg 100w, https:\/\/mena-water.eu\/es\/wp-content\/uploads\/sites\/11\/2015\/07\/containerized-150x150.jpg 150w\" sizes=\"auto, (max-width: 200px) 100vw, 200px\" \/><\/a>\n\t\t\t<\/dt><\/dl><br style=\"clear: both\" \/>\n\t\t<\/div>\n\n<div style=\"clear: both;\"><\/div>\n<p><a title=\"MENA-Water-Station for supplying villages\" href=\"https:\/\/mena-water.eu\/pictures\/MENA-Water-station.jpg\"><img decoding=\"async\" class=\"aligncenter\" src=\"https:\/\/mena-water.eu\/pictures\/MENA-Water-station.jpg\" alt=\"MENA-Water-Station\" \/><\/a><br \/>\n<a style=\"float: right;\" href=\"http:\/\/mena-water.eu\/en\/containerized\/#waterstation\">more Information about Waterstations<\/a><\/p>\n<div style=\"clear: both;\"><\/div>\n<p><!--\n\n\n\n<hr \/>\n\n\n\n\n\n<h2>Postaje za javno oskrbo s vodo<\/h2>\n\n\n\n\n<h6>ZA OSKRBO PODE\u017dELSKE REGIJE S POMANJKANJEM OMRE\u017dJA IN OBDELAVE ZA ODPADNO VODO<\/h6>\n\n\n<img loading=\"lazy\" decoding=\"async\" class=\"size-full wp-image-435 alignleft\" src=\"https:\/\/mena-water.eu\/pictures\/7station_sm.gif\" alt=\"7station_sm\" width=\"193\" height=\"135\" \/>\n<strong>Po vsem svetu, ve\u010d kot 2,5 milijarde ljudi nima dostopa do osnovnih sanitarij.<\/strong>\nKot re\u0161itev nudimo na\u0161e postaje za javno dostopno pitno vodo in sanitarije.\nVarovana postaja se bo postavila na centralnem mestu in vsebuje lo\u010den predel s sesalnim vodom za pitno vodo ter predel s sanitarnimi kabinami z WC-ji, tu\u0161i in umivalniki.\n\nTo bo varovalo okolje pred nenadzorovanim onesna\u017eevanjem z odpadno vodo in daje korist ter udobje za ljudi. Zbrane odplake bodo obdelane na samem mestu in se lahko uporabljajo za namakalne namene ali pa se odvedejo v vodotok.\n--><\/p>\n","protected":false},"excerpt":{"rendered":"<p>Las aguas residuales &#8211; Agua potable &#8211; tratamiento de lodos Las plantas envasadas en envases son soluciones preparadas. La planta completa estar\u00e1 lista para montar como unidades de embalaje o en contenedores ISO est\u00e1ndar para facilitar el transporte y la entrega r\u00e1pida. Equipos de calidad europeos y nuestra fabricaci\u00f3n certificada \u2026 <a class=\"continue-reading-link\" href=\"https:\/\/mena-water.eu\/es\/containerized\/\">Continuar leyendo <span class=\"meta-nav\">&rarr; <\/span><\/a><\/p>\n","protected":false},"author":2,"featured_media":284,"parent":0,"menu_order":0,"comment_status":"closed","ping_status":"closed","template":"","meta":{"footnotes":""},"class_list":["post-19","page","type-page","status-publish","has-post-thumbnail","hentry"],"_links":{"self":[{"href":"https:\/\/mena-water.eu\/es\/wp-json\/wp\/v2\/pages\/19","targetHints":{"allow":["GET"]}}],"collection":[{"href":"https:\/\/mena-water.eu\/es\/wp-json\/wp\/v2\/pages"}],"about":[{"href":"https:\/\/mena-water.eu\/es\/wp-json\/wp\/v2\/types\/page"}],"author":[{"embeddable":true,"href":"https:\/\/mena-water.eu\/es\/wp-json\/wp\/v2\/users\/2"}],"replies":[{"embeddable":true,"href":"https:\/\/mena-water.eu\/es\/wp-json\/wp\/v2\/comments?post=19"}],"version-history":[{"count":50,"href":"https:\/\/mena-water.eu\/es\/wp-json\/wp\/v2\/pages\/19\/revisions"}],"predecessor-version":[{"id":885,"href":"https:\/\/mena-water.eu\/es\/wp-json\/wp\/v2\/pages\/19\/revisions\/885"}],"wp:featuredmedia":[{"embeddable":true,"href":"https:\/\/mena-water.eu\/es\/wp-json\/wp\/v2\/media\/284"}],"wp:attachment":[{"href":"https:\/\/mena-water.eu\/es\/wp-json\/wp\/v2\/media?parent=19"}],"curies":[{"name":"wp","href":"https:\/\/api.w.org\/{rel}","templated":true}]}}