{"id":2,"date":"2015-07-24T19:42:48","date_gmt":"2015-07-24T17:42:48","guid":{"rendered":"http:\/\/mena-water.eu\/es\/?page_id=2"},"modified":"2018-05-23T00:06:50","modified_gmt":"2018-05-22T22:06:50","slug":"welcome","status":"publish","type":"page","link":"https:\/\/mena-water.eu\/es\/welcome\/","title":{"rendered":""},"content":{"rendered":"\n\t<div class=\"slideshow_container slideshow_container_style-light\" data-slideshow-id=\"7\" data-style-name=\"style-light\" data-style-version=\"2.5.20\" >\n\t\t<div class=\"slideshow_loading_icon\"><\/div>\n\t\t<div class=\"slideshow_content\" style=\"display: none;\">\n\t\t\t<div class=\"slideshow_view\">\n\t\t\t\t<div class=\"slideshow_slide slideshow_slide_image\">\n\t\t\t\t\t<a href=\"http:\/\/mena-water.eu\/es\/container\/mbr\/\" target=\"_self\">\t\t\t\t\t\t<img src=\"https:\/\/mena-water.eu\/es\/wp-content\/uploads\/sites\/11\/2015\/07\/containerized.jpg\" alt=\"MBR Plants\" width=\"1600\" height=\"600\" \/>\n\t\t\t\t\t<\/a>\t\t\t\t\t<div class=\"slideshow_description_box slideshow_transparent\">\n\t\t\t\t\t\t<div class=\"slideshow_title\"><a href=\"http:\/\/mena-water.eu\/es\/container\/mbr\/\" target=\"_self\">MBR Plants<\/a><\/div>\t\t\t\t\t\t\t\t\t\t\t<\/div>\n\t\t\t\t<\/div>\n\n\t\t\t\t\t\t\t\t\t<\/div>\n\t\t\t<div class=\"slideshow_view\">\n\t\t\t\t<div class=\"slideshow_slide slideshow_slide_image\">\n\t\t\t\t\t<a href=\"http:\/\/mena-water.eu\/es\/containerized\/\" target=\"_self\">\t\t\t\t\t\t<img src=\"https:\/\/mena-water.eu\/es\/wp-content\/uploads\/sites\/11\/2015\/07\/kompaktanlagen.jpg\" alt=\"Package Plants\" width=\"1600\" height=\"600\" \/>\n\t\t\t\t\t<\/a>\t\t\t\t\t<div class=\"slideshow_description_box slideshow_transparent\">\n\t\t\t\t\t\t<div class=\"slideshow_title\"><a href=\"http:\/\/mena-water.eu\/es\/containerized\/\" target=\"_self\">Package Plants<\/a><\/div>\t\t\t\t\t\t\t\t\t\t\t<\/div>\n\t\t\t\t<\/div>\n\n\t\t\t\t\t\t\t\t\t<\/div>\n\t\t\t<div class=\"slideshow_view\">\n\t\t\t\t<div class=\"slideshow_slide slideshow_slide_image\">\n\t\t\t\t\t<a href=\"http:\/\/mena-water.eu\/es\/containerized\/\" target=\"_self\">\t\t\t\t\t\t<img src=\"https:\/\/mena-water.eu\/es\/wp-content\/uploads\/sites\/11\/2015\/07\/MENA_FZC.jpg\" alt=\"MENA WATER FZC\" width=\"1600\" height=\"600\" \/>\n\t\t\t\t\t<\/a>\t\t\t\t\t<div class=\"slideshow_description_box slideshow_transparent\">\n\t\t\t\t\t\t<div class=\"slideshow_title\"><a href=\"http:\/\/mena-water.eu\/es\/containerized\/\" target=\"_self\">MENA WATER FZC<\/a><\/div>\t\t\t\t\t\t\t\t\t\t\t<\/div>\n\t\t\t\t<\/div>\n\n\t\t\t\t\t\t\t\t\t<\/div>\n\t\t\t<div class=\"slideshow_view\">\n\t\t\t\t<div class=\"slideshow_slide slideshow_slide_image\">\n\t\t\t\t\t<a href=\"http:\/\/mena-water.eu\/es\/container\/drinkingwater\/\" target=\"_self\">\t\t\t\t\t\t<img src=\"https:\/\/mena-water.eu\/es\/wp-content\/uploads\/sites\/11\/2015\/07\/drinking-water-problems.jpg\" alt=\"we solve water problems\" width=\"1600\" height=\"600\" \/>\n\t\t\t\t\t<\/a>\t\t\t\t\t<div class=\"slideshow_description_box slideshow_transparent\">\n\t\t\t\t\t\t<div class=\"slideshow_title\"><a href=\"http:\/\/mena-water.eu\/es\/container\/drinkingwater\/\" target=\"_self\">we solve water problems<\/a><\/div>\t\t\t\t\t\t\t\t\t\t\t<\/div>\n\t\t\t\t<\/div>\n\n\t\t\t\t\t\t\t\t\t<\/div>\n\t\t\t<div class=\"slideshow_view\">\n\t\t\t\t<div class=\"slideshow_slide slideshow_slide_image\">\n\t\t\t\t\t<a href=\"http:\/\/mena-water.eu\/es\/container\/drinkingwater\/\" target=\"_self\">\t\t\t\t\t\t<img src=\"https:\/\/mena-water.eu\/es\/wp-content\/uploads\/sites\/11\/2015\/07\/drinking-water.jpg\" alt=\"Drinking Water\" width=\"1600\" height=\"600\" \/>\n\t\t\t\t\t<\/a>\t\t\t\t\t<div class=\"slideshow_description_box slideshow_transparent\">\n\t\t\t\t\t\t<div class=\"slideshow_title\"><a href=\"http:\/\/mena-water.eu\/es\/container\/drinkingwater\/\" target=\"_self\">Drinking Water<\/a><\/div>\t\t\t\t\t\t\t\t\t\t\t<\/div>\n\t\t\t\t<\/div>\n\n\t\t\t\t\t\t\t\t\t<\/div>\n\t\t\t<div class=\"slideshow_view\">\n\t\t\t\t<div class=\"slideshow_slide slideshow_slide_image\">\n\t\t\t\t\t<a href=\"http:\/\/mena-water.eu\/es\/container\/mbr\/\" target=\"_self\">\t\t\t\t\t\t<img src=\"https:\/\/mena-water.eu\/es\/wp-content\/uploads\/sites\/11\/2015\/07\/containeranlagen.jpg\" alt=\"Waste Water\" width=\"1600\" height=\"600\" \/>\n\t\t\t\t\t<\/a>\t\t\t\t\t<div class=\"slideshow_description_box slideshow_transparent\">\n\t\t\t\t\t\t<div class=\"slideshow_title\"><a href=\"http:\/\/mena-water.eu\/es\/container\/mbr\/\" target=\"_self\">Waste Water<\/a><\/div>\t\t\t\t\t\t\t\t\t\t\t<\/div>\n\t\t\t\t<\/div>\n\n\t\t\t\t\t\t\t\t\t<\/div>\n\t\t\t<div class=\"slideshow_view\">\n\t\t\t\t<div class=\"slideshow_slide slideshow_slide_image\">\n\t\t\t\t\t<a href=\"http:\/\/mena-water.eu\/es\/container\/mbr\/\" target=\"_self\">\t\t\t\t\t\t<img src=\"https:\/\/mena-water.eu\/es\/wp-content\/uploads\/sites\/11\/2015\/07\/MBR-1600x600.jpg\" alt=\"MBR Plants\" width=\"1600\" height=\"600\" \/>\n\t\t\t\t\t<\/a>\t\t\t\t\t<div class=\"slideshow_description_box slideshow_transparent\">\n\t\t\t\t\t\t<div class=\"slideshow_title\"><a href=\"http:\/\/mena-water.eu\/es\/container\/mbr\/\" target=\"_self\">MBR Plants<\/a><\/div>\t\t\t\t\t\t\t\t\t\t\t<\/div>\n\t\t\t\t<\/div>\n\n\t\t\t\t\t\t\t\t\t<\/div>\n\t\t\t<div class=\"slideshow_view\">\n\t\t\t\t<div class=\"slideshow_slide slideshow_slide_image\">\n\t\t\t\t\t<a href=\"http:\/\/mena-water.eu\/es\/container\/mbr\/\" target=\"_self\">\t\t\t\t\t\t<img src=\"https:\/\/mena-water.eu\/es\/wp-content\/uploads\/sites\/11\/2015\/07\/MBR25-remote.jpg\" alt=\"Compact MBR Plants\" width=\"1600\" height=\"600\" \/>\n\t\t\t\t\t<\/a>\t\t\t\t\t<div class=\"slideshow_description_box slideshow_transparent\">\n\t\t\t\t\t\t<div class=\"slideshow_title\"><a href=\"http:\/\/mena-water.eu\/es\/container\/mbr\/\" target=\"_self\">Compact MBR Plants<\/a><\/div>\t\t\t\t\t\t\t\t\t\t\t<\/div>\n\t\t\t\t<\/div>\n\n\t\t\t\t\t\t\t\t\t<\/div>\n\t\t\t<div class=\"slideshow_view\">\n\t\t\t\t<div class=\"slideshow_slide slideshow_slide_image\">\n\t\t\t\t\t<a href=\"http:\/\/mena-water.eu\/es\/containerized\/\" target=\"_self\">\t\t\t\t\t\t<img src=\"https:\/\/mena-water.eu\/es\/wp-content\/uploads\/sites\/11\/2015\/07\/industrial_1600.jpg\" alt=\"Industrial Waste Water\" width=\"1600\" height=\"600\" \/>\n\t\t\t\t\t<\/a>\t\t\t\t\t<div class=\"slideshow_description_box slideshow_transparent\">\n\t\t\t\t\t\t<div class=\"slideshow_title\"><a href=\"http:\/\/mena-water.eu\/es\/containerized\/\" target=\"_self\">Industrial Waste Water<\/a><\/div>\t\t\t\t\t\t\t\t\t\t\t<\/div>\n\t\t\t\t<\/div>\n\n\t\t\t\t\t\t\t\t\t<\/div>\n\t\t<\/div>\n\t\t<div class=\"slideshow_controlPanel slideshow_transparent\" style=\"display: none;\"><ul><li class=\"slideshow_togglePlay\" data-play-text=\"Reproducir\" data-pause-text=\"Pausar\"><\/li><\/ul><\/div>\n\t\t<div class=\"slideshow_button slideshow_previous slideshow_transparent\" role=\"button\" data-previous-text=\"Anterior\" style=\"display: none;\"><\/div>\n\t\t<div class=\"slideshow_button slideshow_next slideshow_transparent\" role=\"button\" data-next-text=\"Siguiente\" style=\"display: none;\"><\/div>\n\t\t<div class=\"slideshow_pagination\" style=\"display: none;\" data-go-to-text=\"Ir a la diapositiva\"><div class=\"slideshow_pagination_center\"><\/div><\/div>\n\t<\/div>\n\n\n<h1 style=\"color: #337bbe;margin-top: 10px\">Bienvenido a MENA-Water<\/h1>\n<p><strong>MENA-Water promueve nuevos est\u00e1ndares en la fabricaci\u00f3n y desarrollo de soluciones y servicios innovadores tanto en el \u00e1rea del tratamiento del agua residual como potable.<\/strong> \u00bb <a href=\"https:\/\/mena-water.eu\/es\/businessfields\/mena-water-gmbh\/\">Continuar leyendo<\/a> \u00bb<!--more--><\/p>\n<h3 class=\"h-links\" style=\"margin-bottom:1px;\">Los sistemas de calidad<br \/>\npara el agua y<br \/>\nel medio ambiente<\/h3>\n<ul>\n<li>aguas residuales urbanas<\/li>\n<li>aguas residuales industriales<\/li>\n<li>agua potable<\/li>\n<li>soluciones de contenedores<\/li>\n<li>tratamiento de lodos<\/li>\n<li>energ\u00edas renovables<\/li>\n<\/ul>\n<h4 style=\"color: #337bbe;text-align: left;\">Nuestro objetivo es su confianza<\/h4>\n<p>&nbsp;<\/p>\n<div style=\"width: 640px;\" class=\"wp-video\"><video class=\"wp-video-shortcode\" id=\"video-2-1\" width=\"640\" height=\"360\" poster=\"https:\/\/mena-water.eu\/movie\/Mena-video.jpg\" preload=\"metadata\" controls=\"controls\"><source type=\"video\/mp4\" src=\"https:\/\/mena-water.eu\/movie\/MENA-Water_Video_e.mp4?_=1\" \/><a href=\"https:\/\/mena-water.eu\/movie\/MENA-Water_Video_e.mp4\">https:\/\/mena-water.eu\/movie\/MENA-Water_Video_e.mp4<\/a><\/video><\/div>\n<p>&nbsp;<\/p>\n","protected":false},"excerpt":{"rendered":"<p>Bienvenido a MENA-Water MENA-Water promueve nuevos est\u00e1ndares en la fabricaci\u00f3n y desarrollo de soluciones y servicios innovadores tanto en el \u00e1rea del tratamiento del agua residual como potable. \u00bb Continuar leyendo \u00bb<\/p>\n","protected":false},"author":2,"featured_media":0,"parent":0,"menu_order":0,"comment_status":"closed","ping_status":"closed","template":"","meta":{"footnotes":""},"class_list":["post-2","page","type-page","status-publish","hentry"],"_links":{"self":[{"href":"https:\/\/mena-water.eu\/es\/wp-json\/wp\/v2\/pages\/2","targetHints":{"allow":["GET"]}}],"collection":[{"href":"https:\/\/mena-water.eu\/es\/wp-json\/wp\/v2\/pages"}],"about":[{"href":"https:\/\/mena-water.eu\/es\/wp-json\/wp\/v2\/types\/page"}],"author":[{"embeddable":true,"href":"https:\/\/mena-water.eu\/es\/wp-json\/wp\/v2\/users\/2"}],"replies":[{"embeddable":true,"href":"https:\/\/mena-water.eu\/es\/wp-json\/wp\/v2\/comments?post=2"}],"version-history":[{"count":40,"href":"https:\/\/mena-water.eu\/es\/wp-json\/wp\/v2\/pages\/2\/revisions"}],"predecessor-version":[{"id":814,"href":"https:\/\/mena-water.eu\/es\/wp-json\/wp\/v2\/pages\/2\/revisions\/814"}],"wp:attachment":[{"href":"https:\/\/mena-water.eu\/es\/wp-json\/wp\/v2\/media?parent=2"}],"curies":[{"name":"wp","href":"https:\/\/api.w.org\/{rel}","templated":true}]}}