{"id":1024,"date":"2014-09-03T22:58:56","date_gmt":"2014-09-03T20:58:56","guid":{"rendered":"http:\/\/menawater.de\/home\/?page_id=1024"},"modified":"2021-06-08T08:18:41","modified_gmt":"2021-06-08T06:18:41","slug":"kontakt","status":"publish","type":"page","link":"https:\/\/mena-water.eu\/fr\/kontakt\/","title":{"rendered":"Contacter"},"content":{"rendered":"<p><img decoding=\"async\" style=\"border: 0; margin-top: -50px; float: right;\" src=\"https:\/\/mena-water.eu\/pictures\/0-world.gif\" alt=\"weltweiter Kontakt\" align=\"right\" \/>Merci de votre int\u00e9r\u00eat pour MENA-Water!<br \/>\nNous sommes impatients de vous entendre.<br \/>\nIci vous trouverez notre si\u00e8ge, succursales et bureaux de repr\u00e9sentation.<\/p>\n<div style=\"float: right;\"><a style=\"color: silver;\" title=\"Impressum\" href=\"http:\/\/mena-water.eu\/impressum\/\">[ empreinte ]<\/a><\/div>\n<div style=\"clear: both;\"><\/div>\n<h5 style=\"text-align: center;\">si\u00e8ge social :<\/h5>\n<h6><span style=\"color: #333399;\">MENA WATER GmbH, Allemagne<\/span><\/h6>\n<div style=\"float: right;\" align=\"right\"><img loading=\"lazy\" decoding=\"async\" src=\"https:\/\/mena-water.eu\/pictures\/flag_germany.png\" alt=\"weltweiter Kontakt\" width=\"32\" height=\"32\" align=\"right\" \/><\/div>\n<div style=\"border: 1px solid #eee; padding: 4px; float: left; margin-right: 15px; margin-bottom: 15px; width: 200px;\"><img decoding=\"async\" src=\"https:\/\/mena-water.eu\/pictures\/kandel3.jpg\" alt=\"GmbH\" \/><\/div>\n<p><strong>MENA WATER GmbH <\/strong><br \/>\nIndustriepark Erasbach A1<br \/>\n92334 Berching<br \/>\nGermany<br \/>\nTel.: +49 8462 201 390<br \/>\nFax: +49 8462 201 239<br \/>\nE-Mail: <a href=\"&#x6d;&#x61;&#x69;&#x6c;&#x74;&#111;&#58;&#105;&#110;fo&#64;&#x6d;&#x65;&#x6e;&#x61;&#x2d;&#x77;&#97;&#116;&#101;r&#46;d&#x65;\">i&#110;&#102;&#x6f;&#x40;&#x6d;en&#97;&#45;&#x77;&#x61;&#x74;e&#114;&#46;&#100;&#x65;<\/a><br \/>\nWebsite: <a href=\"http:\/\/www.mena-water.de\/\">www.mena-water.de<\/a><\/p>\n<div style=\"clear: both;\"><\/div>\n<div style=\"border: 1px solid #eee; padding: 4px; clear: both;\"><\/div>\n<h6><span style=\"color: #333399;\">MENA WATER FZC, Emirats Arabes Unis<\/span><\/h6>\n<div style=\"float: right;\" align=\"right\"><img loading=\"lazy\" decoding=\"async\" src=\"https:\/\/mena-water.eu\/pictures\/flag_united_arab_emirates.png\" alt=\"weltweiter Kontakt\" width=\"32\" height=\"32\" align=\"right\" \/><\/div>\n<div style=\"border: 1px solid #eee; padding: 4px; float: left; margin-right: 15px; width: 200px;\"><img decoding=\"async\" src=\"https:\/\/mena-water.eu\/pictures\/sharjah4.jpg\" alt=\"Sharjah\" \/><\/div>\n<p><strong>MENA WATER FZC<\/strong><\/p>\n<p>P.O. Box: 120881, D3-11, SAIF Zone<br \/>\nSharjah, United Arab Emirates<br \/>\nTel.: +971 6 5575507<br \/>\nFax: +971 6 5575508<br \/>\nE-Mail: <a href=\"&#109;&#x61;&#105;&#x6c;t&#x6f;:&#105;&#x6e;&#102;&#x6f;&#64;&#x6d;e&#110;&#x61;&#45;&#x77;a&#x74;e&#114;&#x2e;&#99;&#x6f;m\">&#105;&#x6e;&#102;&#x6f;&#64;&#x6d;e&#x6e;a&#45;&#x77;&#97;&#x74;&#101;&#x72;&#46;&#x63;o&#109;<\/a><br \/>\nWebsite: <a href=\"http:\/\/www.mena-water.com\/\">www.mena-water.com<\/a><\/p>\n<div style=\"border: 1px solid #eee; padding: 4px; clear: both;\"><\/div>\n<div style=\"clear: both;\"><\/div>\n<div align=\"center\">\n<h3>repr\u00e9sentations<\/h3>\n<\/div>\n<p><!--\n\n\n<h6>MENA-Water \u2013 Tchad<\/h6>\n\n\n\n\n<div style=\"float: right;\" align=\"right\"><img loading=\"lazy\" decoding=\"async\" src=\"https:\/\/mena-water.eu\/pictures\/flag_chad.png\" alt=\"Kontakt\" width=\"32\" height=\"32\" align=\"right\"><\/div>\n\n\n<img loading=\"lazy\" decoding=\"async\" class=\"size-full wp-image-1068 alignleft\" src=\"https:\/\/mena-water.eu\/pictures\/contact_td_Daoud.jpg\" alt=\"Kontakt\" width=\"200\" height=\"150\"><strong>Daoud Mustapha Boukar<\/strong>\nMobil: +235 662 98028\n<strong>MENA-Water - CHAD<\/strong>\nE-mail: <a href=\"&#109;&#x61;&#105;&#x6c;&#116;&#x6f;&#58;&#x63;&#104;&#x61;&#100;&#x40;m&#x65;n&#x61;-&#x77;a&#x74;e&#x72;&#46;&#99;&#x6f;&#109;\">&#99;&#x68;&#97;&#x64;&#64;&#x6d;&#101;&#x6e;&#97;&#x2d;&#119;&#x61;t&#x65;r&#x2e;c&#x6f;m<\/a>\n\n\n<div style=\"clear: both;\"><\/div>\n\n\n\n\n\n<hr>\n\n\n\n--><\/p>\n<h6>MENA-Water &#8211; Algeria<\/h6>\n<div style=\"float: right;\" align=\"right\"><img loading=\"lazy\" decoding=\"async\" src=\"https:\/\/mena-water.eu\/pictures\/flag_algeria.png\" alt=\"weltweiter Kontakt\" width=\"32\" height=\"32\" align=\"right\" \/><\/div>\n<p><img loading=\"lazy\" decoding=\"async\" class=\"alignleft\" src=\"https:\/\/mena-water.eu\/pictures\/demo.jpg\" alt=\"contact\" width=\"200\" height=\"150\" \/><strong>Zinao Bensalah<\/strong><br \/>\n<strong>MENA-Water Algeria<\/strong><br \/>\nHai Assalam Illizi,<br \/>\n33000 Algeria<br \/>\nTel.: +213550574309, Fax: +213550574309<br \/>\nE-mail: <a href=\"&#x6d;&#97;&#x69;&#108;t&#x6f;&#58;a&#x6c;&#103;&#x65;&#x72;i&#x61;&#64;m&#x65;&#110;&#x61;&#x2d;w&#x61;&#116;e&#x72;&#46;c&#x6f;&#109;\">&#x61;l&#x67;&#101;&#x72;&#105;a&#x40;m&#x65;&#110;&#x61;&#45;w&#x61;&#116;&#x65;&#114;&#46;&#x63;o&#x6d;<\/a><br \/>\n<a href=\"http:\/\/www.mena-water.dz\">www.mena-water.dz<\/a><\/p>\n<hr \/>\n<div align=\"center\"><a title=\"DE\" href=\"https:\/\/mena-water.eu\/kontakt\/\"><img loading=\"lazy\" decoding=\"async\" style=\"border: 0;\" src=\"https:\/\/mena-water.eu\/pictures\/0-world.gif\" alt=\"contacts dans le monde entier\" width=\"149\" height=\"98\" \/><\/a><\/p>\n<h5>partout dans le monde<\/h5>\n<\/div>\n<h6>D&rsquo;autres distributeurs \u00e0 travers le monde, s&rsquo;il vous pla\u00eet visitez notre site Web <a title=\"DE\" href=\"https:\/\/mena-water.eu\/kontakt\/\">allemand <\/a> et en <a title=\"EN\" href=\"http:\/\/mena-water.eu\/en\/kontakt\/\">anglais <\/a><\/h6>\n<hr \/>\n","protected":false},"excerpt":{"rendered":"<p>Merci de votre int\u00e9r\u00eat pour MENA-Water! Nous sommes impatients de vous entendre. Ici vous trouverez notre si\u00e8ge, succursales et bureaux de repr\u00e9sentation. [ empreinte ] si\u00e8ge social : MENA WATER <a class=\"more-link\" href=\"https:\/\/mena-water.eu\/fr\/kontakt\/\">&#8230;En savoir plus \u2192<\/a><\/p>\n","protected":false},"author":1,"featured_media":0,"parent":0,"menu_order":0,"comment_status":"closed","ping_status":"closed","template":"","meta":{"footnotes":""},"class_list":["post-1024","page","type-page","status-publish","hentry"],"_links":{"self":[{"href":"https:\/\/mena-water.eu\/fr\/wp-json\/wp\/v2\/pages\/1024","targetHints":{"allow":["GET"]}}],"collection":[{"href":"https:\/\/mena-water.eu\/fr\/wp-json\/wp\/v2\/pages"}],"about":[{"href":"https:\/\/mena-water.eu\/fr\/wp-json\/wp\/v2\/types\/page"}],"author":[{"embeddable":true,"href":"https:\/\/mena-water.eu\/fr\/wp-json\/wp\/v2\/users\/1"}],"replies":[{"embeddable":true,"href":"https:\/\/mena-water.eu\/fr\/wp-json\/wp\/v2\/comments?post=1024"}],"version-history":[{"count":24,"href":"https:\/\/mena-water.eu\/fr\/wp-json\/wp\/v2\/pages\/1024\/revisions"}],"predecessor-version":[{"id":1695,"href":"https:\/\/mena-water.eu\/fr\/wp-json\/wp\/v2\/pages\/1024\/revisions\/1695"}],"wp:attachment":[{"href":"https:\/\/mena-water.eu\/fr\/wp-json\/wp\/v2\/media?parent=1024"}],"curies":[{"name":"wp","href":"https:\/\/api.w.org\/{rel}","templated":true}]}}