{"id":324,"date":"2014-08-17T22:57:23","date_gmt":"2014-08-17T20:57:23","guid":{"rendered":"http:\/\/menawater.de\/home\/?page_id=324"},"modified":"2017-07-10T11:15:47","modified_gmt":"2017-07-10T09:15:47","slug":"downloadbereich","status":"publish","type":"page","link":"https:\/\/mena-water.eu\/fr\/downloadbereich\/","title":{"rendered":"T\u00e9l\u00e9charger les brochures"},"content":{"rendered":"<p style=\"text-align: right; margin-top: 0px;\"><img loading=\"lazy\" decoding=\"async\" style=\"border: 0; margin-top: -15px; margin-left: 10px; padding: 0px; float: right;\" title=\"Prospekte\" src=\"https:\/\/mena-water.eu\/pictures\/info.gif\" alt=\"info\" width=\"50\" height=\"50\" \/>Ces brochures sont disponibles en t\u00e9l\u00e9chargement au format PDF.<br \/>\nS&rsquo;il vous pla\u00eet utiliser le \u00ab\u00a0clic droit\u00a0\u00bb et \u00ab\u00a0enregistrer sous &#8230;\u00a0\u00bb.<\/p>\n<p>&nbsp;<\/p>\n<hr \/>\n<p>&nbsp;<\/p>\n<h3>MENA-Water Brochure d\u2019entreprise:<\/h3>\n<p><img loading=\"lazy\" decoding=\"async\" class=\"size-full wp-image-385 alignleft\" style=\"border: 1px solid #ccc; box-shadow: 0 3px 6px rgba(0, 0, 0, 0.1); margin-bottom: 70px; border-radius: 1px;\" src=\"https:\/\/mena-water.eu\/pictures\/Profile-brochure.jpg\" alt=\"Profile-brochure\" width=\"179\" height=\"126\" \/><strong>MENA-Water Livret totale avec les unit\u00e9s d\u2019affaires, groupes de produits et r\u00e9f\u00e9rences.<\/strong><\/p>\n<p>DE \/ deutsch &#8211; <a href=\"http:\/\/www.mena-water.com\/download\/MENA-Water-A4_De.pdf\" target=\"_blank\">A4 [792kB] pdf<\/a><\/p>\n<p><span style=\"border: 1px solid #ccc; padding: 4px; background-color: #fafcfa;\">FR \/ fran\u00e7ais &#8211; <a href=\"http:\/\/www.mena-water.com\/download\/MENA-Water-A4_Fr.pdf\" target=\"_blank\">A4 [822kB] pdf<\/a><\/span><\/p>\n<p>EN \/ english &#8211; <a href=\"http:\/\/www.mena-water.com\/download\/MENA-Water-A4_En.pdf\" target=\"_blank\">A4 [839kB] pdf<\/a><\/p>\n<div style=\"clear: both;\">\n<hr \/>\n<\/div>\n<h3>l\u2019eau potable:<\/h3>\n<p><strong><img loading=\"lazy\" decoding=\"async\" class=\"size-full wp-image-388 alignleft\" style=\"border: 1px solid #ccc; box-shadow: 0 3px 6px rgba(0, 0, 0, 0.1); margin-bottom: 70px; border-radius: 1px;\" src=\"https:\/\/mena-water.eu\/pictures\/drinking-water.jpg\" alt=\"drinking-water\" width=\"179\" height=\"126\" \/>traitement d\u2019eau potable<\/strong><\/p>\n<p>DE \/ deutsch &#8211; <a href=\"http:\/\/www.mena-water.com\/download\/Potable-A4_De.pdf\" target=\"_blank\">A4 [887kB] pdf<\/a><\/p>\n<p><span style=\"border: 1px solid #ccc; padding: 4px; background-color: #fafcfa;\">FR \/ fran\u00e7ais &#8211; <a href=\"http:\/\/www.mena-water.com\/download\/Potable-A4_Fr.pdf\" target=\"_blank\">A4 [1057kB] pdf<\/a><\/span><\/p>\n<p>EN \/ english &#8211; <a href=\"http:\/\/www.mena-water.com\/download\/Potable-A4_En.pdf\" target=\"_blank\">A4 [896kB] pdf<\/a><\/p>\n<div style=\"clear: both;\"><\/div>\n<hr \/>\n<h3>MBR :<\/h3>\n<p><strong><img loading=\"lazy\" decoding=\"async\" class=\"size-full wp-image-391 alignleft\" style=\"border: 1px solid #ccc; box-shadow: 0 3px 6px rgba(0, 0, 0, 0.1); margin-bottom: 70px; border-radius: 1px;\" src=\"https:\/\/mena-water.eu\/office\/mbr.jpg\" alt=\"mbr\" width=\"179\" height=\"126\" \/>MBR Conteneurs de traitement des eaux us\u00e9es.<\/strong><\/p>\n<p>DE \/ deutsch &#8211; <a href=\"http:\/\/www.mena-water.com\/download\/MBR-A4_De.pdf\" target=\"_blank\">A4 [560kB] pdf<\/a><\/p>\n<p><span style=\"border: 1px solid #ccc; padding: 4px; background-color: #fafcfa;\">FR \/ fran\u00e7ais &#8211; <a href=\"http:\/\/www.mena-water.com\/download\/MBR-A4_Fr.pdf\" target=\"_blank\">A4 [568kB] pdf<\/a><\/span><\/p>\n<p>EN \/ english &#8211; <a href=\"http:\/\/www.mena-water.com\/download\/MBR-A4_En.pdf\" target=\"_blank\">A4 [593kB] pdf<\/a><\/p>\n<div style=\"clear: both;\">\n<hr \/>\n<\/div>\n<h3>boues:<\/h3>\n<p><strong><img loading=\"lazy\" decoding=\"async\" class=\"size-full wp-image-394 alignleft\" style=\"border: 1px solid #ccc; box-shadow: 0 3px 6px rgba(0, 0, 0, 0.1); margin-bottom: 70px; border-radius: 1px;\" src=\"https:\/\/mena-water.eu\/office\/sludge.jpg\" alt=\"sludge\" width=\"179\" height=\"126\" \/>Mobile de d\u00e9shydratation des boues<br \/>\n<\/strong><\/p>\n<p>DE \/ deutsch &#8211; <a href=\"http:\/\/www.mena-water.com\/download\/Sludge-A4_De.pdf\" target=\"_blank\">A4 [671kB] pdf<\/a><\/p>\n<p><span style=\"border: 1px solid #ccc; padding: 4px; background-color: #fafcfa;\">FR \/ fran\u00e7ais &#8211; <a href=\"http:\/\/www.mena-water.com\/download\/Sludge-A4_Fr.pdf\" target=\"_blank\">A4 [494kB] pdf<\/a><\/span><\/p>\n<p>EN \/ english &#8211; <a href=\"http:\/\/www.mena-water.com\/download\/Sludge-A4_En.pdf\" target=\"_blank\">A4 [708kB] pdf<\/a><\/p>\n<div style=\"clear: both;\">\n<hr \/>\n<\/div>\n<h3>L\u2019osmose inverse:<\/h3>\n<p><strong><img loading=\"lazy\" decoding=\"async\" class=\"size-full wp-image-394 alignleft\" style=\"border: 1px solid #ccc; box-shadow: 0 3px 6px rgba(0, 0, 0, 0.1); margin-bottom: 70px; border-radius: 1px;\" src=\"https:\/\/mena-water.eu\/office\/ro.jpg\" alt=\"Ro\" width=\"179\" height=\"126\" \/>L\u2019osmose inverse pour l\u2019eau de haute puret\u00e9<br \/>\n<\/strong><\/p>\n<p>DE \/ deutsch &#8211; <a href=\"http:\/\/www.mena-water.com\/download\/Ro-A4_De.pdf\" target=\"_blank\">A4 [569kB] pdf<\/a><\/p>\n<p><span style=\"border: 1px solid #ccc; padding: 4px; background-color: #fafcfa;\">FR \/ fran\u00e7ais &#8211; <a href=\"http:\/\/www.mena-water.com\/download\/Ro-A4_Fr.pdf\" target=\"_blank\">A4 [672kB] pdf<\/a><\/span><\/p>\n<p>EN \/ english &#8211; <a href=\"http:\/\/www.mena-water.com\/download\/Ro-A4_En.pdf\" target=\"_blank\">A4 [554kB] pdf<\/a><\/p>\n<div style=\"clear: both;\">\n<hr \/>\n<\/div>\n<h3>Biogaz:<\/h3>\n<p><strong><img loading=\"lazy\" decoding=\"async\" class=\"size-full wp-image-396 alignleft\" style=\"border: 1px solid #ccc; box-shadow: 0 3px 6px rgba(0, 0, 0, 0.1); margin-bottom: 5px; border-radius: 1px;\" src=\"https:\/\/mena-water.eu\/pictures\/biogas.jpg\" alt=\"biogas\" width=\"179\" height=\"126\" \/>Installations de production de biogaz \u2013 conception, construction et exploitation.<\/strong><\/p>\n<p>EN \/ english &#8211; <a href=\"http:\/\/www.mena-water.com\/download\/Biogas-A4_En.pdf\" target=\"_blank\">A4 [549kB] pdf<\/a><\/p>\n<div style=\"clear: both;\"><\/div>\n<p>&nbsp;<\/p>\n<div style=\"clear: both;\">\n<hr \/>\n<\/div>\n<h3>Fiches de r\u00e9f\u00e9rence en anglais<\/h3>\n<p><img loading=\"lazy\" decoding=\"async\" class=\"alignleft size-full wp-image-1383\" style=\"border: 1px solid #ccc; box-shadow: 0 3px 6px rgba(0, 0, 0, 0.1); margin-bottom: 30px; border-radius: 1px;\" src=\"https:\/\/mena-water.eu\/office\/MENA-Reference.jpg\" alt=\"MENA-Reference\" width=\"210\" height=\"300\" \/><\/p>\n<h5>some exclusive references of MENA-Water<\/h5>\n<p><strong>in English language<\/strong><br \/>\n<a href=\"http:\/\/mena-water.eu\/en\/downloadbereich\/#ref\" title=\"Download of PDF\">please find on this page<\/a><\/p>\n<div style=\"clear:both;\">&nbsp;<\/div>\n","protected":false},"excerpt":{"rendered":"<p>Ces brochures sont disponibles en t\u00e9l\u00e9chargement au format PDF. S&rsquo;il vous pla\u00eet utiliser le \u00ab\u00a0clic droit\u00a0\u00bb et \u00ab\u00a0enregistrer sous &#8230;\u00a0\u00bb. &nbsp; &nbsp; MENA-Water Brochure d\u2019entreprise: MENA-Water Livret totale avec les <a class=\"more-link\" href=\"https:\/\/mena-water.eu\/fr\/downloadbereich\/\">&#8230;En savoir plus \u2192<\/a><\/p>\n","protected":false},"author":1,"featured_media":0,"parent":0,"menu_order":0,"comment_status":"closed","ping_status":"closed","template":"","meta":{"footnotes":""},"class_list":["post-324","page","type-page","status-publish","hentry"],"_links":{"self":[{"href":"https:\/\/mena-water.eu\/fr\/wp-json\/wp\/v2\/pages\/324","targetHints":{"allow":["GET"]}}],"collection":[{"href":"https:\/\/mena-water.eu\/fr\/wp-json\/wp\/v2\/pages"}],"about":[{"href":"https:\/\/mena-water.eu\/fr\/wp-json\/wp\/v2\/types\/page"}],"author":[{"embeddable":true,"href":"https:\/\/mena-water.eu\/fr\/wp-json\/wp\/v2\/users\/1"}],"replies":[{"embeddable":true,"href":"https:\/\/mena-water.eu\/fr\/wp-json\/wp\/v2\/comments?post=324"}],"version-history":[{"count":14,"href":"https:\/\/mena-water.eu\/fr\/wp-json\/wp\/v2\/pages\/324\/revisions"}],"predecessor-version":[{"id":1580,"href":"https:\/\/mena-water.eu\/fr\/wp-json\/wp\/v2\/pages\/324\/revisions\/1580"}],"wp:attachment":[{"href":"https:\/\/mena-water.eu\/fr\/wp-json\/wp\/v2\/media?parent=324"}],"curies":[{"name":"wp","href":"https:\/\/api.w.org\/{rel}","templated":true}]}}