{"id":835,"date":"2014-08-22T09:59:39","date_gmt":"2014-08-22T07:59:39","guid":{"rendered":"http:\/\/menawater.de\/home\/?page_id=791"},"modified":"2014-09-09T22:20:47","modified_gmt":"2014-09-09T20:20:47","slug":"unsere-leistungen-fuer-sie","status":"publish","type":"page","link":"https:\/\/mena-water.eu\/fr\/unsere-leistungen-fuer-sie\/","title":{"rendered":"Nos services pour vous"},"content":{"rendered":"<h3>Ing\u00e9nierie:<\/h3>\n<p><img loading=\"lazy\" decoding=\"async\" style=\"float: right; margin-left: 20px; margin-top: -10px;\" src=\"https:\/\/mena-water.eu\/pictures\/mena-cad.jpg\" alt=\"mena-cad\" width=\"150\" height=\"150\" \/><strong>Pour le d\u00e9veloppement et la construction de nos installations, nous maintenons d\u00e9partements deux endroits d\u2019ing\u00e9nierie.<\/strong><\/p>\n<p>D\u00e9veloppement, calculs de conception et de production des documents complets dans la mod\u00e9lisation 3D pour notre propre production et pour la r\u00e9vision et l\u2019expansion des syst\u00e8mes existants cr\u00e9\u00e9s ici.<\/p>\n<div style=\"clear: both;\"><\/div>\n<h3>Production:<\/h3>\n<p><strong><img loading=\"lazy\" decoding=\"async\" style=\"float: right; margin-left: 20px; margin-top: -10px;\" src=\"https:\/\/mena-water.eu\/pictures\/mena-workshop.jpg\" alt=\"mena-workshop\" width=\"150\" height=\"150\" \/>Dans nos usines, nous d\u00e9veloppons des plantes en pot pour notre propre \u00e9panouissement.<\/strong><\/p>\n<p>Nous disposons des professionnels pour le soudage, le traitement et l\u2019assemblage m\u00e9tallique. Les surfaces de contact avec l\u2019eau sont couvertes d\u2019acier inoxydable. Tous les composants du syst\u00e8me proviennent de fabricants de qualit\u00e9 allemands et europ\u00e9ens.<\/p>\n<div style=\"clear: both;\"><\/div>\n<h3>Le montage \/ installation:<\/h3>\n<p><strong><img loading=\"lazy\" decoding=\"async\" style=\"float: right; margin-left: 20px; margin-top: -10px;\" src=\"https:\/\/mena-water.eu\/pictures\/mena-installation.jpg\" alt=\"mena-installation\" width=\"150\" height=\"150\" \/>Nos professionnels form\u00e9s r\u00e9alisent les installations de tous les \u00e9quipements sur place \u00e0 traversle monde.<\/strong><\/p>\n<p>L\u2019installation professionnelle et la mise en service de la base est pour un fonctionnement continu en toute s\u00e9curit\u00e9 et sans probl\u00e8me.<\/p>\n<div style=\"clear: both;\"><\/div>\n<h3>\u00c9quipe de service:<\/h3>\n<p><strong><img loading=\"lazy\" decoding=\"async\" style=\"float: right; margin-left: 20px; margin-top: -10px;\" src=\"https:\/\/mena-water.eu\/pictures\/mena-service.jpg\" alt=\"mena-service\" width=\"150\" height=\"150\" \/>Notre \u00e9quipe de service hautement qualifi\u00e9s m\u00e8ne pour vous toutes les t\u00e2ches d\u2019inspection, de maintenance et de r\u00e9paration.<\/strong><\/p>\n<p>Nous allons vous aider \u00e0 r\u00e9soudre les incidents impr\u00e9vus et la fourniture rapide de pi\u00e8ces de rechange pour r\u00e9duire les temps d\u2019arr\u00eat.<\/p>\n<div style=\"clear:both;\">&nbsp;<\/div>\n<hr \/>\n","protected":false},"excerpt":{"rendered":"<p>Ing\u00e9nierie: Pour le d\u00e9veloppement et la construction de nos installations, nous maintenons d\u00e9partements deux endroits d\u2019ing\u00e9nierie. D\u00e9veloppement, calculs de conception et de production des documents complets dans la mod\u00e9lisation 3D <a class=\"more-link\" href=\"https:\/\/mena-water.eu\/fr\/unsere-leistungen-fuer-sie\/\">&#8230;En savoir plus \u2192<\/a><\/p>\n","protected":false},"author":1,"featured_media":0,"parent":0,"menu_order":0,"comment_status":"closed","ping_status":"closed","template":"","meta":{"footnotes":""},"class_list":["post-835","page","type-page","status-publish","hentry"],"_links":{"self":[{"href":"https:\/\/mena-water.eu\/fr\/wp-json\/wp\/v2\/pages\/835","targetHints":{"allow":["GET"]}}],"collection":[{"href":"https:\/\/mena-water.eu\/fr\/wp-json\/wp\/v2\/pages"}],"about":[{"href":"https:\/\/mena-water.eu\/fr\/wp-json\/wp\/v2\/types\/page"}],"author":[{"embeddable":true,"href":"https:\/\/mena-water.eu\/fr\/wp-json\/wp\/v2\/users\/1"}],"replies":[{"embeddable":true,"href":"https:\/\/mena-water.eu\/fr\/wp-json\/wp\/v2\/comments?post=835"}],"version-history":[{"count":5,"href":"https:\/\/mena-water.eu\/fr\/wp-json\/wp\/v2\/pages\/835\/revisions"}],"predecessor-version":[{"id":1244,"href":"https:\/\/mena-water.eu\/fr\/wp-json\/wp\/v2\/pages\/835\/revisions\/1244"}],"wp:attachment":[{"href":"https:\/\/mena-water.eu\/fr\/wp-json\/wp\/v2\/media?parent=835"}],"curies":[{"name":"wp","href":"https:\/\/api.w.org\/{rel}","templated":true}]}}