{"id":1024,"date":"2014-09-03T22:58:56","date_gmt":"2014-09-03T20:58:56","guid":{"rendered":"http:\/\/menawater.de\/home\/?page_id=1024"},"modified":"2021-06-06T18:40:39","modified_gmt":"2021-06-06T16:40:39","slug":"kontakt","status":"publish","type":"page","link":"https:\/\/mena-water.eu\/pl\/kontakt\/","title":{"rendered":"Kontakt"},"content":{"rendered":"<p><img decoding=\"async\" style=\"border: 0; margin-top: -50px; float: right;\" src=\"https:\/\/mena-water.eu\/pictures\/0-world.gif\" alt=\"weltweiter Kontakt\" align=\"right\">Dzi\u0119kujemy za zainteresowanie MENA-Water!<br \/>\nCzekamy na kontakt z Pa\u0144stwem.<br \/>\nTutaj znajdziesz nasz\u0105 central\u0119, oddzia\u0142y i przedstawicielstwa.<\/p>\n<div style=\"float: right;\"><a style=\"color: silver;\" title=\"Impressum\" href=\"https:\/\/mena-water.eu\/impressum\/\">[ Stopka redakcyjna ]<\/a><\/div>\n<p>&nbsp;<\/p>\n<div style=\"clear: both;\"><\/div>\n<h5 style=\"text-align: center;\">central\u0119 :<\/h5>\n<p>&nbsp;<\/p>\n<h6><span style=\"color: #333399;\">MENA WATER GmbH, Niemcy<\/span><\/h6>\n<div style=\"float: right;\" align=\"right\"><img loading=\"lazy\" decoding=\"async\" src=\"https:\/\/mena-water.eu\/pictures\/flag_germany.png\" alt=\"weltweiter Kontakt\" width=\"32\" height=\"32\" align=\"right\"><\/div>\n<div style=\"border: 1px solid #eee; padding: 4px; float: left; margin-right: 15px;margin-bottom:15px; width: 200px;\"><img decoding=\"async\" src=\"https:\/\/mena-water.eu\/pictures\/kandel3.jpg\" alt=\"GmbH\"><\/div>\n<p><strong>MENA WATER GmbH <\/strong><br \/>\nIndustriepark Erasbach A1<br \/>\n92334 Berching<br \/>\nGermany<br \/>\nTel.: +49 8462 201 390<br \/>\nFax: +49 8462 201 239<br \/>\nE-Mail: <a href=\"&#x6d;a&#x69;&#108;&#x74;&#111;&#x3a;&#x69;n&#x66;&#111;&#x40;&#109;&#x65;&#110;a&#x2d;&#119;&#x61;&#116;&#x65;&#114;&#46;&#x64;&#101;\">&#105;&#110;&#x66;o&#64;&#x6d;&#x65;n&#97;&#x2d;&#x77;a&#116;&#x65;&#x72;&#46;&#100;&#x65;<\/a><br \/>\nWebsite: <a href=\"http:\/\/www.mena-water.de\/\">www.mena-water.de<\/a><\/p>\n<div style=\"clear: both;\"><\/div>\n<div style=\"border: 1px solid #eee; padding: 4px; clear: both;\"><\/div>\n<p>&nbsp;<\/p>\n<h6><span style=\"color: #333399;\">MENA WATER FZC, Emiraty Arabskie<\/span><\/h6>\n<div style=\"float: right;\" align=\"right\"><img loading=\"lazy\" decoding=\"async\" src=\"https:\/\/mena-water.eu\/pictures\/flag_united_arab_emirates.png\" alt=\"weltweiter Kontakt\" width=\"32\" height=\"32\" align=\"right\"><\/div>\n<div style=\"border: 1px solid #eee; padding: 4px; float: left; margin-right: 15px; width: 200px;\"><img decoding=\"async\" src=\"https:\/\/mena-water.eu\/pictures\/sharjah4.jpg\" alt=\"Sharjah\"><\/div>\n<p><strong>MENA WATER FZC<\/strong><\/p>\n<p>P.O. Box: 120881, D3-11, SAIF Zone<br \/>\nSharjah, United Arab Emirates<br \/>\nTelephone: +971 6 5575507<br \/>\nFax: +971 6 5575508<br \/>\nE-Mail: <a href=\"&#x6d;a&#x69;l&#x74;&#111;&#x3a;&#105;n&#x66;o&#x40;&#109;&#x65;&#110;&#x61;&#45;w&#x61;t&#x65;&#114;&#x2e;&#99;&#x6f;&#x6d;\">&#x69;&#110;f&#x6f;&#64;m&#x65;&#110;a&#x2d;&#119;a&#x74;&#101;r&#x2e;&#x63;o&#x6d;<\/a><br \/>\nWebsite: <a href=\"http:\/\/www.mena-water.com\/\">www.mena-water.com<\/a><\/p>\n<div style=\"border: 1px solid #eee; padding: 4px; clear: both;\"><\/div>\n<p>&nbsp;<\/p>\n<div style=\"clear: both;\"><\/div>\n<p><!--\n\n\n<div align=\"center\">\n\n\n<h4>oddzia\u0142y i przedstawicielstwa<\/h4>\n\n\n<\/div>\n\n\n\n\n<h6>MENA-Water Polska<\/h6>\n\n\n\n\n<div style=\"float: right\" align=\"right\"><img loading=\"lazy\" decoding=\"async\" src=\"https:\/\/mena-water.eu\/pictures\/flag_poland.png\" alt=\"contact\" width=\"32\" height=\"32\" align=\"right\"><\/div>\n\n\n<img loading=\"lazy\" decoding=\"async\" class=\"size-full wp-image-1068 alignleft\" style=\"margin-bottom: 35px\" src=\"https:\/\/mena-water.eu\/pictures\/demo.jpg\" alt=\"demo\" width=\"200\" height=\"150\"><strong>Adalbert Didi<\/strong> - Polska Zachodnia\nMobil : +48 881531078\n<strong>Piotr Dagielski<\/strong> - Polska na wsch\u00f3d, Warszawa\nMobil : +48 508390493\n<strong>MENA WATER POLSKA Sp. z o.o.<\/strong>\nUl. Bukowska 12,\n60810 Poznan\nTel.\/ Fax : + 48618499135\nE-mail: <a href=\"&#109;&#x61;&#105;&#x6c;t&#x6f;:&#101;&#x75;&#114;&#x6f;&#112;&#x65;&#64;&#x6d;e&#110;&#x61;&#45;&#x77;a&#x74;e&#x72;&#x2e;&#99;&#x6f;&#109;\">e&#117;&#x72;&#x6f;p&#101;&#64;&#x6d;&#x65;n&#97;&#x2d;&#x77;a&#116;&#101;&#x72;&#x2e;c&#111;&#x6d;<\/a>\n\n--><\/p>\n<div style=\"clear: both;\">\n<hr>\n<\/div>\n<div align=\"center\"><a title=\"DE\" href=\"https:\/\/mena-water.eu\/kontakt\/\"><img loading=\"lazy\" decoding=\"async\" style=\"border: 0;\" src=\"https:\/\/mena-water.eu\/pictures\/0-world.gif\" alt=\"contacts dans le monde entier\" width=\"149\" height=\"98\"><\/a><\/p>\n<h5>ca\u0142ym \u015bwiecie<\/h5>\n<\/div>\n<p>&nbsp;<\/p>\n<h6>Innych dystrybutor\u00f3w na ca\u0142ym \u015bwiecie, nale\u017cy odwiedzi\u0107 nasz\u0105 stron\u0119 internetow\u0105 <a title=\"DE\" href=\"https:\/\/mena-water.eu\/kontakt\/\">niemiecki <\/a> i <a title=\"EN\" href=\"https:\/\/mena-water.eu\/en\/kontakt\/\">angielski<\/a><\/h6>\n<hr>\n","protected":false},"excerpt":{"rendered":"<p>Dzi\u0119kujemy za zainteresowanie MENA-Water! Czekamy na kontakt z Pa\u0144stwem. Tutaj znajdziesz nasz\u0105 central\u0119, oddzia\u0142y i przedstawicielstwa. [ Stopka redakcyjna ] &nbsp; central\u0119 : &nbsp; MENA WATER GmbH, Niemcy MENA WATER <a class=\"more-link\" href=\"https:\/\/mena-water.eu\/pl\/kontakt\/\">&#8230;czytaj wi\u0119cej \u2192<\/a><\/p>\n","protected":false},"author":1,"featured_media":0,"parent":0,"menu_order":0,"comment_status":"closed","ping_status":"closed","template":"","meta":{"footnotes":""},"class_list":["post-1024","page","type-page","status-publish","hentry"],"_links":{"self":[{"href":"https:\/\/mena-water.eu\/pl\/wp-json\/wp\/v2\/pages\/1024","targetHints":{"allow":["GET"]}}],"collection":[{"href":"https:\/\/mena-water.eu\/pl\/wp-json\/wp\/v2\/pages"}],"about":[{"href":"https:\/\/mena-water.eu\/pl\/wp-json\/wp\/v2\/types\/page"}],"author":[{"embeddable":true,"href":"https:\/\/mena-water.eu\/pl\/wp-json\/wp\/v2\/users\/1"}],"replies":[{"embeddable":true,"href":"https:\/\/mena-water.eu\/pl\/wp-json\/wp\/v2\/comments?post=1024"}],"version-history":[{"count":23,"href":"https:\/\/mena-water.eu\/pl\/wp-json\/wp\/v2\/pages\/1024\/revisions"}],"predecessor-version":[{"id":1630,"href":"https:\/\/mena-water.eu\/pl\/wp-json\/wp\/v2\/pages\/1024\/revisions\/1630"}],"wp:attachment":[{"href":"https:\/\/mena-water.eu\/pl\/wp-json\/wp\/v2\/media?parent=1024"}],"curies":[{"name":"wp","href":"https:\/\/api.w.org\/{rel}","templated":true}]}}