{"id":19,"date":"2013-06-04T14:21:37","date_gmt":"2013-06-04T12:21:37","guid":{"rendered":"http:\/\/menawater.de\/home\/?page_id=19"},"modified":"2014-09-28T19:04:35","modified_gmt":"2014-09-28T17:04:35","slug":"products","status":"publish","type":"page","link":"https:\/\/mena-water.eu\/pl\/products\/","title":{"rendered":"MENA-Water Grupy Produkt\u00f3w"},"content":{"rendered":"<p>Oferta naszej firmy obejmuje g\u0142\u00f3wnie urz\u0105dzenia kontenerowe a tak\u017ce modernizacj\u0119 i rozbudow\u0119 istniej\u0105cych instalacji wody pitnej i oczyszczalni \u015bciek\u00f3w. Ponadto oferujemy kompleksowe wyposa\u017cenie do eksploatacji instalacji wodnych i oferujemy na ca\u0142ym \u015bwiecie us\u0142ugi w zakresie projektowania, monta\u017cu, serwisu i eksploatacji.<br \/>\n<a style=\"border: 1px solid #EEEEEE; padding: 4px; float: right; margin-left: 15px; margin-top: 5px; font-weight: bold; color: #36b8c5; width: 200px; background-color: #f6f6f6; border-radius: 10px;\" href=\"https:\/\/mena-water.eu\/pl\/downloadbereich\/\"><img loading=\"lazy\" decoding=\"async\" style=\"float: right;\" title=\"Prospekte\" src=\"https:\/\/mena-water.eu\/pictures\/info.gif\" alt=\"info\" width=\"50\" height=\"50\" \/> wi\u0119cej informacji w<br \/>\nobszarze pobierania<\/a><\/p>\n<h4>Grupy Produkt\u00f3w<\/h4>\n<ul>\n<li><a href=\"https:\/\/mena-water.eu\/pl\/produkte\/abwasser-vorbehandlung\/\"><strong>Obr\u00f3bka wst\u0119pna<\/strong> (Kraty obiegowe, Kraty rzadkie, Separatory piasku&#8230;)<\/a><\/li>\n<li><a href=\"https:\/\/mena-water.eu\/pl\/produkte\/sekundaerbehandlung\/\"><strong>Obr\u00f3bka wt\u00f3rna<\/strong> (Mieszad\u0142a i aeratory, Zgarniaki \u0142a\u0144cuchowe&#8230;)<\/a><\/li>\n<li><a href=\"https:\/\/mena-water.eu\/pl\/produkte\/weitergehende-abwasserbehandlung\/\"><strong>Dalsza obr\u00f3bka \u015bciek\u00f3w <\/strong>(Ultrafiltracja i nanofiltracja, Osmoza odwr\u00f3cona, Flotacja, Filtry tkaninowe)<\/a><\/li>\n<li><a href=\"https:\/\/mena-water.eu\/pl\/containerized\/\"><strong>Urz\u0105dzenia kontenerowe <\/strong>(Urz\u0105dzenia membranowe, wody pitnej, Osmoza odwr\u00f3cona)<\/a><\/li>\n<li><a href=\"https:\/\/mena-water.eu\/pl\/produkte\/schlammbehandlung-2\/\"><strong>Obr\u00f3bka osad\u00f3w <\/strong>(Prasy z filtrem ta\u015bmowym, Wir\u00f3wki, Pompy do osadu&#8230;)<\/a><\/li>\n<li><a href=\"https:\/\/mena-water.eu\/pl\/produkte\/geruchsbekaempfung\/\"> <strong>Zwalczanie odor\u00f3w<\/strong> (Biofiltry, Filtry z w\u0119glem aktywnym, P\u0142uczki gazowe)<\/a><\/li>\n<li><a href=\"https:\/\/mena-water.eu\/pl\/geschaeftsbereiche\/erneuerbare-energie\/\"><strong>Energia odnawialna <\/strong>(Biogaz, Wiatrowej i s\u0142onecznej)<\/a><\/li>\n<li><a href=\"https:\/\/mena-water.eu\/pl\/produkte\/mess-und-regelungstechnik\/\"><strong>Techniki pomiarowe, sterowanie i regulacja <\/strong>(Technika pomiarowa online, Pomiary przep\u0142ywu, Systemy dozowania&#8230;)<\/a><\/li>\n<li><a href=\"https:\/\/mena-water.eu\/pl\/produkte\/pumpen-und-absperrorgane\/\"><strong>Pompy i armatura odcinaj\u0105ca<\/strong> (Pompy wirnikowe, Pompy g\u0142\u0119binowe, Zawory i zasuwy, Kompletne wyposa\u017cenie&#8230;)<\/a><\/li>\n<\/ul>\n<p>&nbsp;<\/p>\n\n\t\t<style type=\"text\/css\">\n\t\t\t#gallery-1 {\n\t\t\t\tmargin: auto;\n\t\t\t}\n\t\t\t#gallery-1 .gallery-item {\n\t\t\t\tfloat: left;\n\t\t\t\tmargin-top: 10px;\n\t\t\t\ttext-align: center;\n\t\t\t\twidth: 33%;\n\t\t\t}\n\t\t\t#gallery-1 img {\n\t\t\t\tborder: 2px solid #cfcfcf;\n\t\t\t}\n\t\t\t#gallery-1 .gallery-caption {\n\t\t\t\tmargin-left: 0;\n\t\t\t}\n\t\t\t\/* see gallery_shortcode() in wp-includes\/media.php *\/\n\t\t<\/style>\n\t\t<div id='gallery-1' class='gallery galleryid-19 gallery-columns-3 gallery-size-thumbnail'><dl class='gallery-item'>\n\t\t\t<dt class='gallery-icon landscape'>\n\t\t\t\t<a href='https:\/\/mena-water.eu\/pl\/wp-content\/uploads\/sites\/4\/product-pre.jpg'><img loading=\"lazy\" decoding=\"async\" width=\"200\" height=\"200\" src=\"https:\/\/mena-water.eu\/pl\/wp-content\/uploads\/sites\/4\/product-pre-200x200.jpg\" class=\"attachment-thumbnail size-thumbnail\" alt=\"\" srcset=\"https:\/\/mena-water.eu\/pl\/wp-content\/uploads\/sites\/4\/product-pre-200x200.jpg 200w, https:\/\/mena-water.eu\/pl\/wp-content\/uploads\/sites\/4\/product-pre-50x50.jpg 50w\" sizes=\"auto, (max-width: 200px) 100vw, 200px\" \/><\/a>\n\t\t\t<\/dt><\/dl><dl class='gallery-item'>\n\t\t\t<dt class='gallery-icon landscape'>\n\t\t\t\t<a href='https:\/\/mena-water.eu\/pl\/wp-content\/uploads\/sites\/4\/product-pre-hur.jpg'><img loading=\"lazy\" decoding=\"async\" width=\"200\" height=\"200\" src=\"https:\/\/mena-water.eu\/pl\/wp-content\/uploads\/sites\/4\/product-pre-hur-200x200.jpg\" class=\"attachment-thumbnail size-thumbnail\" alt=\"\" srcset=\"https:\/\/mena-water.eu\/pl\/wp-content\/uploads\/sites\/4\/product-pre-hur-200x200.jpg 200w, https:\/\/mena-water.eu\/pl\/wp-content\/uploads\/sites\/4\/product-pre-hur-50x50.jpg 50w\" sizes=\"auto, (max-width: 200px) 100vw, 200px\" \/><\/a>\n\t\t\t<\/dt><\/dl><dl class='gallery-item'>\n\t\t\t<dt class='gallery-icon landscape'>\n\t\t\t\t<a href='https:\/\/mena-water.eu\/pl\/wp-content\/uploads\/sites\/4\/product-pre-frs.jpg'><img loading=\"lazy\" decoding=\"async\" width=\"200\" height=\"196\" src=\"https:\/\/mena-water.eu\/pl\/wp-content\/uploads\/sites\/4\/product-pre-frs-200x196.jpg\" class=\"attachment-thumbnail size-thumbnail\" alt=\"\" srcset=\"https:\/\/mena-water.eu\/pl\/wp-content\/uploads\/sites\/4\/product-pre-frs-200x196.jpg 200w, https:\/\/mena-water.eu\/pl\/wp-content\/uploads\/sites\/4\/product-pre-frs-50x50.jpg 50w\" sizes=\"auto, (max-width: 200px) 100vw, 200px\" \/><\/a>\n\t\t\t<\/dt><\/dl><br style=\"clear: both\" \/><dl class='gallery-item'>\n\t\t\t<dt class='gallery-icon landscape'>\n\t\t\t\t<a href='https:\/\/mena-water.eu\/pl\/wp-content\/uploads\/sites\/4\/product-industrie.jpg'><img loading=\"lazy\" decoding=\"async\" width=\"200\" height=\"200\" src=\"https:\/\/mena-water.eu\/pl\/wp-content\/uploads\/sites\/4\/product-industrie-200x200.jpg\" class=\"attachment-thumbnail size-thumbnail\" alt=\"\" srcset=\"https:\/\/mena-water.eu\/pl\/wp-content\/uploads\/sites\/4\/product-industrie-200x200.jpg 200w, https:\/\/mena-water.eu\/pl\/wp-content\/uploads\/sites\/4\/product-industrie-50x50.jpg 50w\" sizes=\"auto, (max-width: 200px) 100vw, 200px\" \/><\/a>\n\t\t\t<\/dt><\/dl><dl class='gallery-item'>\n\t\t\t<dt class='gallery-icon landscape'>\n\t\t\t\t<a href='https:\/\/mena-water.eu\/pl\/wp-content\/uploads\/sites\/4\/product-rund.jpg'><img loading=\"lazy\" decoding=\"async\" width=\"200\" height=\"200\" src=\"https:\/\/mena-water.eu\/pl\/wp-content\/uploads\/sites\/4\/product-rund-200x200.jpg\" class=\"attachment-thumbnail size-thumbnail\" alt=\"\" srcset=\"https:\/\/mena-water.eu\/pl\/wp-content\/uploads\/sites\/4\/product-rund-200x200.jpg 200w, https:\/\/mena-water.eu\/pl\/wp-content\/uploads\/sites\/4\/product-rund-50x50.jpg 50w\" sizes=\"auto, (max-width: 200px) 100vw, 200px\" \/><\/a>\n\t\t\t<\/dt><\/dl><dl class='gallery-item'>\n\t\t\t<dt class='gallery-icon landscape'>\n\t\t\t\t<a href='https:\/\/mena-water.eu\/pl\/wp-content\/uploads\/sites\/4\/product-sl-belt.jpg'><img loading=\"lazy\" decoding=\"async\" width=\"200\" height=\"200\" src=\"https:\/\/mena-water.eu\/pl\/wp-content\/uploads\/sites\/4\/product-sl-belt-200x200.jpg\" class=\"attachment-thumbnail size-thumbnail\" alt=\"\" srcset=\"https:\/\/mena-water.eu\/pl\/wp-content\/uploads\/sites\/4\/product-sl-belt-200x200.jpg 200w, https:\/\/mena-water.eu\/pl\/wp-content\/uploads\/sites\/4\/product-sl-belt-50x50.jpg 50w\" sizes=\"auto, (max-width: 200px) 100vw, 200px\" \/><\/a>\n\t\t\t<\/dt><\/dl><br style=\"clear: both\" \/><dl class='gallery-item'>\n\t\t\t<dt class='gallery-icon landscape'>\n\t\t\t\t<a href='https:\/\/mena-water.eu\/pl\/wp-content\/uploads\/sites\/4\/product-verticalpump.jpg'><img loading=\"lazy\" decoding=\"async\" width=\"200\" height=\"200\" src=\"https:\/\/mena-water.eu\/pl\/wp-content\/uploads\/sites\/4\/product-verticalpump-200x200.jpg\" class=\"attachment-thumbnail size-thumbnail\" alt=\"\" srcset=\"https:\/\/mena-water.eu\/pl\/wp-content\/uploads\/sites\/4\/product-verticalpump-200x200.jpg 200w, https:\/\/mena-water.eu\/pl\/wp-content\/uploads\/sites\/4\/product-verticalpump-50x50.jpg 50w\" sizes=\"auto, (max-width: 200px) 100vw, 200px\" \/><\/a>\n\t\t\t<\/dt><\/dl><dl class='gallery-item'>\n\t\t\t<dt class='gallery-icon landscape'>\n\t\t\t\t<a href='https:\/\/mena-water.eu\/pl\/wp-content\/uploads\/sites\/4\/product-pump.jpg'><img loading=\"lazy\" decoding=\"async\" width=\"200\" height=\"200\" src=\"https:\/\/mena-water.eu\/pl\/wp-content\/uploads\/sites\/4\/product-pump-200x200.jpg\" class=\"attachment-thumbnail size-thumbnail\" alt=\"\" srcset=\"https:\/\/mena-water.eu\/pl\/wp-content\/uploads\/sites\/4\/product-pump-200x200.jpg 200w, https:\/\/mena-water.eu\/pl\/wp-content\/uploads\/sites\/4\/product-pump-50x50.jpg 50w\" sizes=\"auto, (max-width: 200px) 100vw, 200px\" \/><\/a>\n\t\t\t<\/dt><\/dl><dl class='gallery-item'>\n\t\t\t<dt class='gallery-icon landscape'>\n\t\t\t\t<a href='https:\/\/mena-water.eu\/pl\/wp-content\/uploads\/sites\/4\/product-steuerung.jpg'><img loading=\"lazy\" decoding=\"async\" width=\"200\" height=\"200\" src=\"https:\/\/mena-water.eu\/pl\/wp-content\/uploads\/sites\/4\/product-steuerung-200x200.jpg\" class=\"attachment-thumbnail size-thumbnail\" alt=\"\" srcset=\"https:\/\/mena-water.eu\/pl\/wp-content\/uploads\/sites\/4\/product-steuerung-200x200.jpg 200w, https:\/\/mena-water.eu\/pl\/wp-content\/uploads\/sites\/4\/product-steuerung-50x50.jpg 50w\" sizes=\"auto, (max-width: 200px) 100vw, 200px\" \/><\/a>\n\t\t\t<\/dt><\/dl><br style=\"clear: both\" \/><dl class='gallery-item'>\n\t\t\t<dt class='gallery-icon landscape'>\n\t\t\t\t<a href='https:\/\/mena-water.eu\/pl\/wp-content\/uploads\/sites\/4\/product-od-biofilter.jpg'><img loading=\"lazy\" decoding=\"async\" width=\"200\" height=\"200\" src=\"https:\/\/mena-water.eu\/pl\/wp-content\/uploads\/sites\/4\/product-od-biofilter-200x200.jpg\" class=\"attachment-thumbnail size-thumbnail\" alt=\"\" srcset=\"https:\/\/mena-water.eu\/pl\/wp-content\/uploads\/sites\/4\/product-od-biofilter-200x200.jpg 200w, https:\/\/mena-water.eu\/pl\/wp-content\/uploads\/sites\/4\/product-od-biofilter-50x50.jpg 50w\" sizes=\"auto, (max-width: 200px) 100vw, 200px\" \/><\/a>\n\t\t\t<\/dt><\/dl><dl class='gallery-item'>\n\t\t\t<dt class='gallery-icon landscape'>\n\t\t\t\t<a href='https:\/\/mena-water.eu\/pl\/wp-content\/uploads\/sites\/4\/product-wind.jpg'><img loading=\"lazy\" decoding=\"async\" width=\"200\" height=\"197\" src=\"https:\/\/mena-water.eu\/pl\/wp-content\/uploads\/sites\/4\/product-wind-200x197.jpg\" class=\"attachment-thumbnail size-thumbnail\" alt=\"\" srcset=\"https:\/\/mena-water.eu\/pl\/wp-content\/uploads\/sites\/4\/product-wind-200x197.jpg 200w, https:\/\/mena-water.eu\/pl\/wp-content\/uploads\/sites\/4\/product-wind-50x50.jpg 50w\" sizes=\"auto, (max-width: 200px) 100vw, 200px\" \/><\/a>\n\t\t\t<\/dt><\/dl><dl class='gallery-item'>\n\t\t\t<dt class='gallery-icon landscape'>\n\t\t\t\t<a href='https:\/\/mena-water.eu\/pl\/wp-content\/uploads\/sites\/4\/head-factory.jpg'><img loading=\"lazy\" decoding=\"async\" width=\"200\" height=\"158\" src=\"https:\/\/mena-water.eu\/pl\/wp-content\/uploads\/sites\/4\/head-factory-200x158.jpg\" class=\"attachment-thumbnail size-thumbnail\" alt=\"\" \/><\/a>\n\t\t\t<\/dt><\/dl><br style=\"clear: both\" \/>\n\t\t<\/div>\n\n<p>&nbsp;<\/p>\n<hr \/>\n","protected":false},"excerpt":{"rendered":"<p>Oferta naszej firmy obejmuje g\u0142\u00f3wnie urz\u0105dzenia kontenerowe a tak\u017ce modernizacj\u0119 i rozbudow\u0119 istniej\u0105cych instalacji wody pitnej i oczyszczalni \u015bciek\u00f3w. Ponadto oferujemy kompleksowe wyposa\u017cenie do eksploatacji instalacji wodnych i oferujemy na <a class=\"more-link\" href=\"https:\/\/mena-water.eu\/pl\/products\/\">&#8230;czytaj wi\u0119cej \u2192<\/a><\/p>\n","protected":false},"author":1,"featured_media":112,"parent":0,"menu_order":0,"comment_status":"closed","ping_status":"closed","template":"","meta":{"footnotes":""},"class_list":["post-19","page","type-page","status-publish","has-post-thumbnail","hentry"],"_links":{"self":[{"href":"https:\/\/mena-water.eu\/pl\/wp-json\/wp\/v2\/pages\/19","targetHints":{"allow":["GET"]}}],"collection":[{"href":"https:\/\/mena-water.eu\/pl\/wp-json\/wp\/v2\/pages"}],"about":[{"href":"https:\/\/mena-water.eu\/pl\/wp-json\/wp\/v2\/types\/page"}],"author":[{"embeddable":true,"href":"https:\/\/mena-water.eu\/pl\/wp-json\/wp\/v2\/users\/1"}],"replies":[{"embeddable":true,"href":"https:\/\/mena-water.eu\/pl\/wp-json\/wp\/v2\/comments?post=19"}],"version-history":[{"count":13,"href":"https:\/\/mena-water.eu\/pl\/wp-json\/wp\/v2\/pages\/19\/revisions"}],"predecessor-version":[{"id":1518,"href":"https:\/\/mena-water.eu\/pl\/wp-json\/wp\/v2\/pages\/19\/revisions\/1518"}],"wp:featuredmedia":[{"embeddable":true,"href":"https:\/\/mena-water.eu\/pl\/wp-json\/wp\/v2\/media\/112"}],"wp:attachment":[{"href":"https:\/\/mena-water.eu\/pl\/wp-json\/wp\/v2\/media?parent=19"}],"curies":[{"name":"wp","href":"https:\/\/api.w.org\/{rel}","templated":true}]}}