{"id":26,"date":"2013-06-04T14:36:02","date_gmt":"2013-06-04T12:36:02","guid":{"rendered":"http:\/\/menawater.de\/home\/?page_id=26"},"modified":"2015-10-26T17:42:41","modified_gmt":"2015-10-26T16:42:41","slug":"containerized","status":"publish","type":"page","link":"https:\/\/mena-water.eu\/pl\/containerized\/","title":{"rendered":"Urz\u0105dzenia kompaktowe i kontenerowe"},"content":{"rendered":"<h5 style=\"padding-top: 0px; margin-top: 0px; text-align: center; color: #244c8a;\">obr\u00f3bki wody \u2013 \u015bciek\u00f3w i osad\u00f3w \u2013 gotowymi do zastosowania<\/h5>\n<p><strong>Nasze instalacje kontenerowe s\u0105 gotowymi do u\u017cytku rozwi\u0105zaniami do obr\u00f3bki \u015bciek\u00f3w, wody pitnej i odwadniania osad\u00f3w.<\/strong><\/p>\n<p><img loading=\"lazy\" decoding=\"async\" style=\"float: right; margin-left: 20px; margin-top: 30px; margin-bottom: 20px;\" src=\"https:\/\/mena-water.eu\/pictures\/package-container.jpg\" alt=\"container\" width=\"200\" height=\"200\" \/><br \/>\nUrz\u0105dzenia te s\u0105 przewo\u017ane i umo\u017cliwiaj\u0105 rozbudow\u0119 dzi\u0119ki konstrukcji modu\u0142owej. Wyposa\u017cenie techniczne dla ca\u0142ego procesu obr\u00f3bki jest wst\u0119pnie zmontowane, umo\u017cliwiaj\u0105c tym samym \u0142atwy transport, szybk\u0105 dostaw\u0119 i instalacj\u0119, z niewielkim nak\u0142adem pracy na miejscu. Jeden kontener zaspokaja potrzeby nawet 20.000 ludzi.<\/p>\n<h5>Korzy\u015bci Urz\u0105dzenia Kontenerowe<\/h5>\n<ul>\n<li>Szybka dostawa i uruchomienie<\/li>\n<li>Wysokogatunkowe elementy ze stali stopowej, wykonane przez niemieckich producent\u00f3w.<\/li>\n<li>Zwarta konstrukcja<\/li>\n<li>Du\u017ca g\u0119sto\u015b\u0107 upakowania<\/li>\n<li>Wyj\u0105tkowy stosunek ceny do oferowanych mo\u017cliwo\u015bci<\/li>\n<li>Niskie nak\u0142ady na konserwacj\u0119 i eksploatacj\u0119<\/li>\n<li>Proste prace budowlane w miejscu zainstalowania<\/li>\n<li>Mo\u017cliwo\u015b\u0107 przemieszczania urz\u0105dzenia<\/li>\n<\/ul>\n<p style=\"text-align: center;\">Tutaj znajdziesz przyk\u0142ady: <a title=\"MENA-Water France\" href=\"https:\/\/mena-water.eu\/pl\/category\/container\/\">czytaj wi\u0119cej &gt;&gt;<\/a><\/p>\n<p>&nbsp;<\/p>\n\n\t\t<style type=\"text\/css\">\n\t\t\t#gallery-1 {\n\t\t\t\tmargin: auto;\n\t\t\t}\n\t\t\t#gallery-1 .gallery-item {\n\t\t\t\tfloat: left;\n\t\t\t\tmargin-top: 10px;\n\t\t\t\ttext-align: center;\n\t\t\t\twidth: 33%;\n\t\t\t}\n\t\t\t#gallery-1 img {\n\t\t\t\tborder: 2px solid #cfcfcf;\n\t\t\t}\n\t\t\t#gallery-1 .gallery-caption {\n\t\t\t\tmargin-left: 0;\n\t\t\t}\n\t\t\t\/* see gallery_shortcode() in wp-includes\/media.php *\/\n\t\t<\/style>\n\t\t<div id='gallery-1' class='gallery galleryid-26 gallery-columns-3 gallery-size-thumbnail'><dl class='gallery-item'>\n\t\t\t<dt class='gallery-icon landscape'>\n\t\t\t\t<a href='https:\/\/mena-water.eu\/pl\/wp-content\/uploads\/sites\/4\/halfa.jpg'><img loading=\"lazy\" decoding=\"async\" width=\"200\" height=\"200\" src=\"https:\/\/mena-water.eu\/pl\/wp-content\/uploads\/sites\/4\/halfa-200x200.jpg\" class=\"attachment-thumbnail size-thumbnail\" alt=\"\" srcset=\"https:\/\/mena-water.eu\/pl\/wp-content\/uploads\/sites\/4\/halfa-200x200.jpg 200w, https:\/\/mena-water.eu\/pl\/wp-content\/uploads\/sites\/4\/halfa-50x50.jpg 50w\" sizes=\"auto, (max-width: 200px) 100vw, 200px\" \/><\/a>\n\t\t\t<\/dt><\/dl><dl class='gallery-item'>\n\t\t\t<dt class='gallery-icon landscape'>\n\t\t\t\t<a href='https:\/\/mena-water.eu\/pl\/wp-content\/uploads\/sites\/4\/container.jpg'><img loading=\"lazy\" decoding=\"async\" width=\"200\" height=\"200\" src=\"https:\/\/mena-water.eu\/pl\/wp-content\/uploads\/sites\/4\/container-200x200.jpg\" class=\"attachment-thumbnail size-thumbnail\" alt=\"\" srcset=\"https:\/\/mena-water.eu\/pl\/wp-content\/uploads\/sites\/4\/container-200x200.jpg 200w, https:\/\/mena-water.eu\/pl\/wp-content\/uploads\/sites\/4\/container-50x50.jpg 50w\" sizes=\"auto, (max-width: 200px) 100vw, 200px\" \/><\/a>\n\t\t\t<\/dt><\/dl><dl class='gallery-item'>\n\t\t\t<dt class='gallery-icon landscape'>\n\t\t\t\t<a href='https:\/\/mena-water.eu\/pl\/wp-content\/uploads\/sites\/4\/IMG_3382.jpg'><img loading=\"lazy\" decoding=\"async\" width=\"200\" height=\"200\" src=\"https:\/\/mena-water.eu\/pl\/wp-content\/uploads\/sites\/4\/IMG_3382-200x200.jpg\" class=\"attachment-thumbnail size-thumbnail\" alt=\"\" srcset=\"https:\/\/mena-water.eu\/pl\/wp-content\/uploads\/sites\/4\/IMG_3382-200x200.jpg 200w, https:\/\/mena-water.eu\/pl\/wp-content\/uploads\/sites\/4\/IMG_3382-50x50.jpg 50w\" sizes=\"auto, (max-width: 200px) 100vw, 200px\" \/><\/a>\n\t\t\t<\/dt><\/dl><br style=\"clear: both\" \/><dl class='gallery-item'>\n\t\t\t<dt class='gallery-icon landscape'>\n\t\t\t\t<a href='https:\/\/mena-water.eu\/pl\/wp-content\/uploads\/sites\/4\/Ro-Plant.jpg'><img loading=\"lazy\" decoding=\"async\" width=\"200\" height=\"200\" src=\"https:\/\/mena-water.eu\/pl\/wp-content\/uploads\/sites\/4\/Ro-Plant-200x200.jpg\" class=\"attachment-thumbnail size-thumbnail\" alt=\"\" srcset=\"https:\/\/mena-water.eu\/pl\/wp-content\/uploads\/sites\/4\/Ro-Plant-200x200.jpg 200w, https:\/\/mena-water.eu\/pl\/wp-content\/uploads\/sites\/4\/Ro-Plant-50x50.jpg 50w\" sizes=\"auto, (max-width: 200px) 100vw, 200px\" \/><\/a>\n\t\t\t<\/dt><\/dl><dl class='gallery-item'>\n\t\t\t<dt class='gallery-icon landscape'>\n\t\t\t\t<a href='https:\/\/mena-water.eu\/pl\/wp-content\/uploads\/sites\/4\/IMG_8612.jpg'><img loading=\"lazy\" decoding=\"async\" width=\"200\" height=\"200\" src=\"https:\/\/mena-water.eu\/pl\/wp-content\/uploads\/sites\/4\/IMG_8612-200x200.jpg\" class=\"attachment-thumbnail size-thumbnail\" alt=\"\" srcset=\"https:\/\/mena-water.eu\/pl\/wp-content\/uploads\/sites\/4\/IMG_8612-200x200.jpg 200w, https:\/\/mena-water.eu\/pl\/wp-content\/uploads\/sites\/4\/IMG_8612-50x50.jpg 50w\" sizes=\"auto, (max-width: 200px) 100vw, 200px\" \/><\/a>\n\t\t\t<\/dt><\/dl><dl class='gallery-item'>\n\t\t\t<dt class='gallery-icon landscape'>\n\t\t\t\t<a href='https:\/\/mena-water.eu\/pl\/wp-content\/uploads\/sites\/4\/02-.jpg'><img loading=\"lazy\" decoding=\"async\" width=\"200\" height=\"200\" src=\"https:\/\/mena-water.eu\/pl\/wp-content\/uploads\/sites\/4\/02--200x200.jpg\" class=\"attachment-thumbnail size-thumbnail\" alt=\"\" srcset=\"https:\/\/mena-water.eu\/pl\/wp-content\/uploads\/sites\/4\/02--200x200.jpg 200w, https:\/\/mena-water.eu\/pl\/wp-content\/uploads\/sites\/4\/02--50x50.jpg 50w\" sizes=\"auto, (max-width: 200px) 100vw, 200px\" \/><\/a>\n\t\t\t<\/dt><\/dl><br style=\"clear: both\" \/><dl class='gallery-item'>\n\t\t\t<dt class='gallery-icon landscape'>\n\t\t\t\t<a href='https:\/\/mena-water.eu\/pl\/wp-content\/uploads\/sites\/4\/02_a2.jpg'><img loading=\"lazy\" decoding=\"async\" width=\"200\" height=\"200\" src=\"https:\/\/mena-water.eu\/pl\/wp-content\/uploads\/sites\/4\/02_a2-200x200.jpg\" class=\"attachment-thumbnail size-thumbnail\" alt=\"\" srcset=\"https:\/\/mena-water.eu\/pl\/wp-content\/uploads\/sites\/4\/02_a2-200x200.jpg 200w, https:\/\/mena-water.eu\/pl\/wp-content\/uploads\/sites\/4\/02_a2-50x50.jpg 50w\" sizes=\"auto, (max-width: 200px) 100vw, 200px\" \/><\/a>\n\t\t\t<\/dt><\/dl><dl class='gallery-item'>\n\t\t\t<dt class='gallery-icon landscape'>\n\t\t\t\t<a href='https:\/\/mena-water.eu\/pl\/wp-content\/uploads\/sites\/4\/P1060355.jpg'><img loading=\"lazy\" decoding=\"async\" width=\"200\" height=\"200\" src=\"https:\/\/mena-water.eu\/pl\/wp-content\/uploads\/sites\/4\/P1060355-200x200.jpg\" class=\"attachment-thumbnail size-thumbnail\" alt=\"\" srcset=\"https:\/\/mena-water.eu\/pl\/wp-content\/uploads\/sites\/4\/P1060355-200x200.jpg 200w, https:\/\/mena-water.eu\/pl\/wp-content\/uploads\/sites\/4\/P1060355-50x50.jpg 50w\" sizes=\"auto, (max-width: 200px) 100vw, 200px\" \/><\/a>\n\t\t\t<\/dt><\/dl><dl class='gallery-item'>\n\t\t\t<dt class='gallery-icon landscape'>\n\t\t\t\t<a href='https:\/\/mena-water.eu\/pl\/wp-content\/uploads\/sites\/4\/DSC05501-big.jpg'><img loading=\"lazy\" decoding=\"async\" width=\"200\" height=\"200\" src=\"https:\/\/mena-water.eu\/pl\/wp-content\/uploads\/sites\/4\/DSC05501-big-200x200.jpg\" class=\"attachment-thumbnail size-thumbnail\" alt=\"\" srcset=\"https:\/\/mena-water.eu\/pl\/wp-content\/uploads\/sites\/4\/DSC05501-big-200x200.jpg 200w, https:\/\/mena-water.eu\/pl\/wp-content\/uploads\/sites\/4\/DSC05501-big-50x50.jpg 50w\" sizes=\"auto, (max-width: 200px) 100vw, 200px\" \/><\/a>\n\t\t\t<\/dt><\/dl><br style=\"clear: both\" \/>\n\t\t<\/div>\n\n<p>&nbsp;<\/p>\n<hr \/>\n<h2>stacje wodne<\/h2>\n<h6>Zaopatrzenia ludno\u015bci w odleg\u0142ych wioskach<\/h6>\n<p><img loading=\"lazy\" decoding=\"async\" class=\"size-full wp-image-435 alignleft\" src=\"https:\/\/mena-water.eu\/pictures\/7station_sm.gif\" alt=\"7station_sm\" width=\"193\" height=\"135\" \/><br \/>\n<strong>Na ca\u0142ym \u015bwiecie ponad 2,5 miliarda ludzi nie ma dost\u0119pu do podstawowych urz\u0105dze\u0144 sanitarnych.<\/strong><\/p>\n<p>Zanieczyszczenia w\u00f3d powierzchniowych mo\u017cna unikn\u0105\u0107 i oczyszczone \u015bcieki mog\u0105 by\u0107 u\u017cywane do nawadniania lub us\u0142ugi wody.<\/p>\n<hr \/>\n<p>&nbsp;<\/p>\n","protected":false},"excerpt":{"rendered":"<p>obr\u00f3bki wody \u2013 \u015bciek\u00f3w i osad\u00f3w \u2013 gotowymi do zastosowania Nasze instalacje kontenerowe s\u0105 gotowymi do u\u017cytku rozwi\u0105zaniami do obr\u00f3bki \u015bciek\u00f3w, wody pitnej i odwadniania osad\u00f3w. Urz\u0105dzenia te s\u0105 przewo\u017ane <a class=\"more-link\" href=\"https:\/\/mena-water.eu\/pl\/containerized\/\">&#8230;czytaj wi\u0119cej \u2192<\/a><\/p>\n","protected":false},"author":1,"featured_media":1560,"parent":0,"menu_order":0,"comment_status":"closed","ping_status":"closed","template":"","meta":{"footnotes":""},"class_list":["post-26","page","type-page","status-publish","has-post-thumbnail","hentry"],"_links":{"self":[{"href":"https:\/\/mena-water.eu\/pl\/wp-json\/wp\/v2\/pages\/26","targetHints":{"allow":["GET"]}}],"collection":[{"href":"https:\/\/mena-water.eu\/pl\/wp-json\/wp\/v2\/pages"}],"about":[{"href":"https:\/\/mena-water.eu\/pl\/wp-json\/wp\/v2\/types\/page"}],"author":[{"embeddable":true,"href":"https:\/\/mena-water.eu\/pl\/wp-json\/wp\/v2\/users\/1"}],"replies":[{"embeddable":true,"href":"https:\/\/mena-water.eu\/pl\/wp-json\/wp\/v2\/comments?post=26"}],"version-history":[{"count":10,"href":"https:\/\/mena-water.eu\/pl\/wp-json\/wp\/v2\/pages\/26\/revisions"}],"predecessor-version":[{"id":1530,"href":"https:\/\/mena-water.eu\/pl\/wp-json\/wp\/v2\/pages\/26\/revisions\/1530"}],"wp:featuredmedia":[{"embeddable":true,"href":"https:\/\/mena-water.eu\/pl\/wp-json\/wp\/v2\/media\/1560"}],"wp:attachment":[{"href":"https:\/\/mena-water.eu\/pl\/wp-json\/wp\/v2\/media?parent=26"}],"curies":[{"name":"wp","href":"https:\/\/api.w.org\/{rel}","templated":true}]}}