{"id":324,"date":"2014-08-17T22:57:23","date_gmt":"2014-08-17T20:57:23","guid":{"rendered":"http:\/\/menawater.de\/home\/?page_id=324"},"modified":"2015-06-17T09:57:03","modified_gmt":"2015-06-17T07:57:03","slug":"downloadbereich","status":"publish","type":"page","link":"https:\/\/mena-water.eu\/pl\/downloadbereich\/","title":{"rendered":"Download"},"content":{"rendered":"<p style=\"text-align: right; margin-top: 0px;\"><img loading=\"lazy\" decoding=\"async\" style=\"border: 0; margin-top: -15px; margin-left: 10px; padding: 0px; float: right;\" title=\"Prospekte\" src=\"https:\/\/mena-water.eu\/pictures\/info.gif\" alt=\"info\" width=\"50\" height=\"50\" \/>Broszury te s\u0105 dost\u0119pne jako pliki do pobrania w formacie PDF dost\u0119pny.<\/p>\n<p>&nbsp;<\/p>\n<hr \/>\n<p>&nbsp;<\/p>\n<h3>MENA-Water Profil Przedsi\u0119biorstwa:<\/h3>\n<p><img loading=\"lazy\" decoding=\"async\" class=\"size-full wp-image-385 alignleft\" style=\"border: 1px solid #ccc; box-shadow: 0 3px 6px rgba(0, 0, 0, 0.1); margin-bottom: 70px; border-radius: 1px;\" src=\"https:\/\/mena-water.eu\/pictures\/Profile-brochure.jpg\" alt=\"Profile-brochure\" width=\"179\" height=\"126\" \/><strong>MENA-Water Profil<br \/>\nDziedziny zastosowa\u0144, Grupy produkt\u00f3w i Referencje.<\/strong><\/p>\n<p>DE \/ Deutsch &#8211; <a href=\"http:\/\/www.mena-water.com\/download\/MENA-Water-A4_De.pdf\" target=\"_blank\">A4 [792kB] pdf<\/a><\/p>\n<p>FR \/ Fran\u00e7ais &#8211; <a href=\"http:\/\/www.mena-water.com\/download\/MENA-Water-A4_Fr.pdf\" target=\"_blank\">A4 [822kB] pdf<\/a><\/p>\n<p>EN \/ English &#8211; <a href=\"http:\/\/www.mena-water.com\/download\/MENA-Water-A4_En.pdf\" target=\"_blank\">A4 [839kB] pdf<\/a><\/p>\n<p>BG \/ \u0431\u043e\u043b\u0433\u0430\u0440\u0441\u043a\u0438\u0439 &#8211; <a href=\"http:\/\/www.mena-water.com\/download\/MENA-Water-A4_Bg.pdf\" target=\"_blank\">A4 [657kB] pdf<\/a><\/p>\n<p><span style=\"border: 1px solid #ccc; padding: 4px; background-color: #fafcfa;\">PL \/ polski &#8211; <a href=\"http:\/\/www.mena-water.com\/download\/MENA-Water-A4_Pl.pdf\" target=\"_blank\">A4 pdf<\/a><\/span><\/p>\n<p>RU \/ \u0440\u0443\u0441\u0441\u043a\u0438\u0439 &#8211; <a href=\"http:\/\/www.mena-water.com\/download\/MENA-Water-A4_Ru.pdf\" target=\"_blank\">A4 [656kB] pdf<\/a><\/p>\n<div style=\"clear: both;\">\n<hr \/>\n<\/div>\n<h3>Woda pitna<\/h3>\n<p><strong><img loading=\"lazy\" decoding=\"async\" class=\"size-full wp-image-388 alignleft\" style=\"border: 1px solid #ccc; box-shadow: 0 3px 6px rgba(0, 0, 0, 0.1); margin-bottom: 70px; border-radius: 1px;\" src=\"https:\/\/mena-water.eu\/pictures\/drinking-water.jpg\" alt=\"drinking-water\" width=\"179\" height=\"126\" \/>Woda pitna jest cennym dobrem.<\/strong><\/p>\n<p>DE \/ Deutsch &#8211; <a href=\"http:\/\/www.mena-water.com\/download\/Potable-A4_De.pdf\" target=\"_blank\">A4 [887kB] pdf<\/a><\/p>\n<p>FR \/ Fran\u00e7ais &#8211; <a href=\"http:\/\/www.mena-water.com\/download\/Potable-A4_Fr.pdf\" target=\"_blank\">A4 [1057kB] pdf<\/a><\/p>\n<p>EN \/ English &#8211; <a href=\"http:\/\/www.mena-water.com\/download\/Potable-A4_En.pdf\" target=\"_blank\">A4 [896kB] pdf<\/a><\/p>\n<p>BG \/ \u0431\u043e\u043b\u0433\u0430\u0440\u0441\u043a\u0438\u0439 &#8211; <a href=\"http:\/\/www.mena-water.com\/download\/Potable-A4_Bg.pdf\" target=\"_blank\">A4 [817kB] pdf<\/a><\/p>\n<p><span style=\"border: 1px solid #ccc; padding: 4px; background-color: #fafcfa;\">PL \/ polski &#8211; <a href=\"http:\/\/www.mena-water.com\/download\/Potable-A4_Pl.pdf\" target=\"_blank\">A4 pdf<\/a><\/span><\/p>\n<p>RU \/ \u0440\u0443\u0441\u0441\u043a\u0438\u0439 &#8211; <a href=\"http:\/\/www.mena-water.com\/download\/Potable-A4_Ru.pdf\" target=\"_blank\">A4 [823kB] pdf<\/a><\/p>\n<div style=\"clear: both;\"><\/div>\n<hr \/>\n<h3>MBR :<\/h3>\n<p><strong><img loading=\"lazy\" decoding=\"async\" class=\"size-full wp-image-391 alignleft\" style=\"border: 1px solid #ccc; box-shadow: 0 3px 6px rgba(0, 0, 0, 0.1); margin-bottom: 70px; border-radius: 1px;\" src=\"https:\/\/mena-water.eu\/office\/mbr.jpg\" alt=\"mbr\" width=\"179\" height=\"126\" \/>Urz\u0105dzenia kontenerowe MBR do oczyszczania \u015bciek\u00f3w.<\/strong><\/p>\n<p>DE \/ Deutsch &#8211; <a href=\"http:\/\/www.mena-water.com\/download\/MBR-A4_De.pdf\" target=\"_blank\">A4 [560kB] pdf<\/a><\/p>\n<p>FR \/ Fran\u00e7ais &#8211; <a href=\"http:\/\/www.mena-water.com\/download\/MBR-A4_Fr.pdf\" target=\"_blank\">A4 [568kB] pdf<\/a><\/p>\n<p>EN \/ English &#8211; <a href=\"http:\/\/www.mena-water.com\/download\/MBR-A4_En.pdf\" target=\"_blank\">A4 [593kB] pdf<\/a><\/p>\n<p>BG \/ \u0431\u043e\u043b\u0433\u0430\u0440\u0441\u043a\u0438\u0439 &#8211; <a href=\"http:\/\/www.mena-water.com\/download\/MBR-A4_Bg.pdf\" target=\"_blank\">A4 [538kB] pdf<\/a><\/p>\n<p><span style=\"border: 1px solid #ccc; padding: 4px; background-color: #fafcfa;\">PL \/ polski &#8211; <a href=\"http:\/\/www.mena-water.com\/download\/MBR-A4_Pl.pdf\" target=\"_blank\">A4 pdf<\/a><\/span><\/p>\n<p>RU \/ \u0440\u0443\u0441\u0441\u043a\u0438\u0439 &#8211; <a href=\"http:\/\/www.mena-water.com\/download\/MBR-A4_Ru.pdf\" target=\"_blank\">A4 [544kB] pdf<\/a><\/p>\n<div style=\"clear: both;\">\n<hr \/>\n<\/div>\n<h3>Obr\u00f3bka osad\u00f3w<\/h3>\n<p><strong><img loading=\"lazy\" decoding=\"async\" class=\"size-full wp-image-394 alignleft\" style=\"border: 1px solid #ccc; box-shadow: 0 3px 6px rgba(0, 0, 0, 0.1); margin-bottom: 70px; border-radius: 1px;\" src=\"https:\/\/mena-water.eu\/office\/sludge.jpg\" alt=\"sludge\" width=\"179\" height=\"126\" \/>Urz\u0105dzenie przeno\u015bne do obr\u00f3bki osad\u00f3w<br \/>\n<\/strong><\/p>\n<p>DE \/ Deutsch &#8211; <a href=\"http:\/\/www.mena-water.com\/download\/Sludge-A4_De.pdf\" target=\"_blank\">A4 [671kB] pdf<\/a><\/p>\n<p>FR \/ Fran\u00e7ais &#8211; <a href=\"http:\/\/www.mena-water.com\/download\/Sludge-A4_Fr.pdf\" target=\"_blank\">A4 [494kB] pdf<\/a><\/p>\n<p>EN \/ English &#8211; <a href=\"http:\/\/www.mena-water.com\/download\/Sludge-A4_En.pdf\" target=\"_blank\">A4 [708kB] pdf<\/a><\/p>\n<p>BG \/ \u0431\u043e\u043b\u0433\u0430\u0440\u0441\u043a\u0438\u0439 &#8211; <a href=\"http:\/\/www.mena-water.com\/download\/Sludge-A4_Bg.pdf\" target=\"_blank\">A4 [651kB] pdf<\/a><\/p>\n<p><span style=\"border: 1px solid #ccc; padding: 4px; background-color: #fafcfa;\">PL \/ polski &#8211; <a href=\"http:\/\/www.mena-water.com\/download\/Sludge-A4_Pl.pdf\" target=\"_blank\">A4 pdf<\/a><\/span><\/p>\n<p>RU \/ \u0440\u0443\u0441\u0441\u043a\u0438\u0439 &#8211; <a href=\"http:\/\/www.mena-water.com\/download\/Sludge-A4_Ru.pdf\" target=\"_blank\">A4 [391kB] pdf<\/a><\/p>\n<div style=\"clear: both;\">\n<hr \/>\n<\/div>\n<h3>Odwr\u00f3conej osmozy<\/h3>\n<p><strong><img loading=\"lazy\" decoding=\"async\" class=\"size-full wp-image-394 alignleft\" style=\"border: 1px solid #ccc; box-shadow: 0 3px 6px rgba(0, 0, 0, 0.1); margin-bottom: 70px; border-radius: 1px;\" src=\"https:\/\/mena-water.eu\/office\/ro.jpg\" alt=\"Ro\" width=\"179\" height=\"126\" \/>Osmose inverse Plug &#038; Play<br \/>\n<\/strong><\/p>\n<p>DE \/ Deutsch &#8211; <a href=\"http:\/\/www.mena-water.com\/download\/Ro-A4_De.pdf\" target=\"_blank\">A4 [569kB] pdf<\/a><\/p>\n<p>FR \/ Fran\u00e7ais &#8211; <a href=\"http:\/\/www.mena-water.com\/download\/Ro-A4_Fr.pdf\" target=\"_blank\">A4 [672kB] pdf<\/a><\/p>\n<p>EN \/ English &#8211; <a href=\"http:\/\/www.mena-water.com\/download\/Ro-A4_En.pdf\" target=\"_blank\">A4 [554kB] pdf<\/a><\/p>\n<p>BG \/ \u0431\u043e\u043b\u0433\u0430\u0440\u0441\u043a\u0438\u0439 &#8211; <a href=\"http:\/\/www.mena-water.com\/download\/Ro-A4_Bg.pdf\" target=\"_blank\">A4 [547kB] pdf<\/a><\/p>\n<p><span style=\"border: 1px solid #ccc; padding: 4px; background-color: #fafcfa;\">PL \/ polski &#8211; <a href=\"http:\/\/www.mena-water.com\/download\/Ro-A4_Pl.pdf\" target=\"_blank\">A4 pdf<\/a><\/span><\/p>\n<p>RU \/ \u0440\u0443\u0441\u0441\u043a\u0438\u0439 &#8211; <a href=\"http:\/\/www.mena-water.com\/download\/Ro-A4_Ru.pdf\" target=\"_blank\">A4 [568kB] pdf<\/a><\/p>\n<div style=\"clear: both;\">\n<hr \/>\n<\/div>\n<h3>Biogaz:<\/h3>\n<p><strong><img loading=\"lazy\" decoding=\"async\" class=\"size-full wp-image-396 alignleft\" style=\"border: 1px solid #ccc; box-shadow: 0 3px 6px rgba(0, 0, 0, 0.1); margin-bottom: 5px; border-radius: 1px;\" src=\"https:\/\/mena-water.eu\/pictures\/biogas.jpg\" alt=\"biogas\" width=\"179\" height=\"126\" \/>Biogaz \u2013 planowanie, budowa i eksploatacja.<\/strong><\/p>\n<p>EN \/ English &#8211; <a href=\"http:\/\/www.mena-water.com\/download\/Biogas-A4_En.pdf\" target=\"_blank\">A4 [549kB] pdf<\/a><\/p>\n<div style=\"clear: both;\"><\/div>\n<p>&nbsp;<\/p>\n<div style=\"clear: both;\">\n<hr \/>\n<\/div>\n<h3>Arkusze referencyjne w j\u0119zyku angielskim<\/h3>\n<p><img loading=\"lazy\" decoding=\"async\" class=\"alignleft size-full wp-image-1383\" style=\"border: 1px solid #ccc; box-shadow: 0 3px 6px rgba(0, 0, 0, 0.1); margin-bottom: 30px; border-radius: 1px;\" src=\"https:\/\/mena-water.eu\/office\/MENA-Reference.jpg\" alt=\"MENA-Reference\" width=\"210\" height=\"300\" \/><\/p>\n<h5>some exclusive references of MENA-Water<\/h5>\n<p><strong>in English language<\/strong><br \/>\n<a href=\"https:\/\/mena-water.eu\/en\/downloadbereich\/#ref\" title=\"Download of PDF\">please find on this page<\/a><\/p>\n<div style=\"clear:both;\">&nbsp;<\/div>\n","protected":false},"excerpt":{"rendered":"<p>Broszury te s\u0105 dost\u0119pne jako pliki do pobrania w formacie PDF dost\u0119pny. &nbsp; &nbsp; MENA-Water Profil Przedsi\u0119biorstwa: MENA-Water Profil Dziedziny zastosowa\u0144, Grupy produkt\u00f3w i Referencje. DE \/ Deutsch &#8211; A4 <a class=\"more-link\" href=\"https:\/\/mena-water.eu\/pl\/downloadbereich\/\">&#8230;czytaj wi\u0119cej \u2192<\/a><\/p>\n","protected":false},"author":1,"featured_media":0,"parent":0,"menu_order":0,"comment_status":"closed","ping_status":"closed","template":"","meta":{"footnotes":""},"class_list":["post-324","page","type-page","status-publish","hentry"],"_links":{"self":[{"href":"https:\/\/mena-water.eu\/pl\/wp-json\/wp\/v2\/pages\/324","targetHints":{"allow":["GET"]}}],"collection":[{"href":"https:\/\/mena-water.eu\/pl\/wp-json\/wp\/v2\/pages"}],"about":[{"href":"https:\/\/mena-water.eu\/pl\/wp-json\/wp\/v2\/types\/page"}],"author":[{"embeddable":true,"href":"https:\/\/mena-water.eu\/pl\/wp-json\/wp\/v2\/users\/1"}],"replies":[{"embeddable":true,"href":"https:\/\/mena-water.eu\/pl\/wp-json\/wp\/v2\/comments?post=324"}],"version-history":[{"count":16,"href":"https:\/\/mena-water.eu\/pl\/wp-json\/wp\/v2\/pages\/324\/revisions"}],"predecessor-version":[{"id":1551,"href":"https:\/\/mena-water.eu\/pl\/wp-json\/wp\/v2\/pages\/324\/revisions\/1551"}],"wp:attachment":[{"href":"https:\/\/mena-water.eu\/pl\/wp-json\/wp\/v2\/media?parent=324"}],"curies":[{"name":"wp","href":"https:\/\/api.w.org\/{rel}","templated":true}]}}