{"id":835,"date":"2014-08-22T09:59:39","date_gmt":"2014-08-22T07:59:39","guid":{"rendered":"http:\/\/menawater.de\/home\/?page_id=791"},"modified":"2014-09-22T16:08:29","modified_gmt":"2014-09-22T14:08:29","slug":"unsere-leistungen-fuer-sie","status":"publish","type":"page","link":"https:\/\/mena-water.eu\/pl\/unsere-leistungen-fuer-sie\/","title":{"rendered":"Nasze us\u0142ugi"},"content":{"rendered":"<h3>Projektowe:<\/h3>\n<p><img loading=\"lazy\" decoding=\"async\" style=\"float: right; margin-left: 20px; margin-top: -10px;\" src=\"https:\/\/mena-water.eu\/pictures\/mena-cad.jpg\" alt=\"mena-cad\" width=\"150\" height=\"150\" \/><strong>Projektowanie i konstruowania urz\u0105dze\u0144 odbywa si\u0119 w naszych oddzia\u0142ach in\u017cynieryjnych zlokalizowanych w dw\u00f3ch miejscowo\u015bciach.<\/strong><\/p>\n<p>Zajmuj\u0105 si\u0119 one projektowaniem, obliczeniami wst\u0119pnymi i opracowaniem kompletnej dokumentacji produkcyjnej 3D dla potrzeb naszej w\u0142asnej produkcji oraz dla remontu i rozbudowy istniej\u0105cych instalacji.<\/p>\n<div style=\"clear: both;\"><\/div>\n<h3>Wykonawstwo:<\/h3>\n<p><strong><img loading=\"lazy\" decoding=\"async\" style=\"float: right; margin-left: 20px; margin-top: -10px;\" src=\"https:\/\/mena-water.eu\/pictures\/mena-workshop.jpg\" alt=\"mena-workshop\" width=\"150\" height=\"150\" \/>W naszych zak\u0142adach produkujemy urz\u0105dzenia kontenerowe wed\u0142ug w\u0142asnych projekt\u00f3w.<\/strong><\/p>\n<p>Zatrudniamy fachowc\u00f3w z dziedziny spawania, obr\u00f3bki metali i monta\u017cu. Powierzchnie stykaj\u0105ce si\u0119 z wod\u0105 wykonujemy ze stali stopowej. Wszystkie cz\u0119\u015bci instalacji s\u0105 wysokiej jako\u015bci i pochodz\u0105 od niemieckich i europejskich producent\u00f3w.<\/p>\n<div style=\"clear: both;\"><\/div>\n<h3>Monta\u017c \/ instalacja:<\/h3>\n<p><strong><img loading=\"lazy\" decoding=\"async\" style=\"float: right; margin-left: 20px; margin-top: -10px;\" src=\"https:\/\/mena-water.eu\/pictures\/mena-installation.jpg\" alt=\"mena-installation\" width=\"150\" height=\"150\" \/>Nasi wykwalifikowani fachowcy wykonuj\u0105 monta\u017c wszystkich urz\u0105dze\u0144 na miejscach eksploatacji na ca\u0142ym \u015bwiecie.<\/strong><\/p>\n<p>Fachowy monta\u017c i uruchomienie stanowi\u0105 podstaw\u0119 niezawodnej i bezawaryjnej pracy ci\u0105g\u0142ej.<\/p>\n<div style=\"clear: both;\"><\/div>\n<h3>Zesp\u00f3\u0142 serwisowy:<\/h3>\n<p><strong><img loading=\"lazy\" decoding=\"async\" style=\"float: right; margin-left: 20px; margin-top: -10px;\" src=\"https:\/\/mena-water.eu\/pictures\/mena-service.jpg\" alt=\"mena-service\" width=\"150\" height=\"150\" \/>Nasz wysoko wykwalifikowany zesp\u00f3\u0142 serwisowy podejmuje si\u0119 wszelkich zada\u0144 z zakresu przegl\u0105d\u00f3w, konserwacji i utrzymania ruchu.<\/strong><\/p>\n<p>Pomagamy r\u00f3wnie\u017c w usuwaniu nieprzewidzianych usterek i skracaniu czas\u00f3w przestoj\u00f3w dzi\u0119ki szybkiemu zaopatrywaniu w cz\u0119\u015bci zamienne.<\/p>\n<div style=\"clear:both;\">&nbsp;<\/div>\n<hr \/>\n","protected":false},"excerpt":{"rendered":"<p>Projektowe: Projektowanie i konstruowania urz\u0105dze\u0144 odbywa si\u0119 w naszych oddzia\u0142ach in\u017cynieryjnych zlokalizowanych w dw\u00f3ch miejscowo\u015bciach. Zajmuj\u0105 si\u0119 one projektowaniem, obliczeniami wst\u0119pnymi i opracowaniem kompletnej dokumentacji produkcyjnej 3D dla potrzeb naszej <a class=\"more-link\" href=\"https:\/\/mena-water.eu\/pl\/unsere-leistungen-fuer-sie\/\">&#8230;czytaj wi\u0119cej \u2192<\/a><\/p>\n","protected":false},"author":1,"featured_media":0,"parent":0,"menu_order":0,"comment_status":"closed","ping_status":"closed","template":"","meta":{"footnotes":""},"class_list":["post-835","page","type-page","status-publish","hentry"],"_links":{"self":[{"href":"https:\/\/mena-water.eu\/pl\/wp-json\/wp\/v2\/pages\/835","targetHints":{"allow":["GET"]}}],"collection":[{"href":"https:\/\/mena-water.eu\/pl\/wp-json\/wp\/v2\/pages"}],"about":[{"href":"https:\/\/mena-water.eu\/pl\/wp-json\/wp\/v2\/types\/page"}],"author":[{"embeddable":true,"href":"https:\/\/mena-water.eu\/pl\/wp-json\/wp\/v2\/users\/1"}],"replies":[{"embeddable":true,"href":"https:\/\/mena-water.eu\/pl\/wp-json\/wp\/v2\/comments?post=835"}],"version-history":[{"count":6,"href":"https:\/\/mena-water.eu\/pl\/wp-json\/wp\/v2\/pages\/835\/revisions"}],"predecessor-version":[{"id":1464,"href":"https:\/\/mena-water.eu\/pl\/wp-json\/wp\/v2\/pages\/835\/revisions\/1464"}],"wp:attachment":[{"href":"https:\/\/mena-water.eu\/pl\/wp-json\/wp\/v2\/media?parent=835"}],"curies":[{"name":"wp","href":"https:\/\/api.w.org\/{rel}","templated":true}]}}