{"id":19,"date":"2015-07-24T20:12:45","date_gmt":"2015-07-24T18:12:45","guid":{"rendered":"http:\/\/mena-water.eu\/ro\/?page_id=19"},"modified":"2018-04-07T19:37:13","modified_gmt":"2018-04-07T16:37:13","slug":"containerized","status":"publish","type":"page","link":"https:\/\/mena-water.eu\/ro\/containerized\/","title":{"rendered":"Sisteme compacte"},"content":{"rendered":"<p><img loading=\"lazy\" decoding=\"async\" src=\"https:\/\/mena-water.eu\/ro\/wp-content\/uploads\/sites\/12\/2015\/07\/containeranlagen.jpg\" alt=\"\" width=\"1600\" height=\"600\" class=\"alignnone size-full wp-image-8\" srcset=\"https:\/\/mena-water.eu\/ro\/wp-content\/uploads\/sites\/12\/2015\/07\/containeranlagen.jpg 1600w, https:\/\/mena-water.eu\/ro\/wp-content\/uploads\/sites\/12\/2015\/07\/containeranlagen-300x113.jpg 300w, https:\/\/mena-water.eu\/ro\/wp-content\/uploads\/sites\/12\/2015\/07\/containeranlagen-1024x384.jpg 1024w\" sizes=\"auto, (max-width: 1600px) 100vw, 1600px\" \/><\/p>\n<h5 style=\"padding-top: 0px; margin-top: 0px; text-align: center; color: #244c8a;\">Ap\u0103 potabil\u0103 &#8211; Ap\u0103 uzat\u0103 &#8211; Deshidratare n\u0103mol<\/h5>\n<p><strong>Our long time experience in designing of water plants motivated us to arrange all necessary components as containerized package.<\/strong><\/p>\n<p><img loading=\"lazy\" decoding=\"async\" class=\"alignright\" style=\"float: right; margin-left: 20px; margin-top: 30px; margin-bottom: 20px;\" src=\"https:\/\/mena-water.eu\/pictures\/package-container.jpg\" alt=\"container\" width=\"200\" height=\"200\" \/><br \/>\nThe complete plant will be ready mounted as package units or in standard ISO containers for easy transport and quick delivery.<!--more--><\/p>\n<p>European quality equipment and our certified manufacturing will guarantee high quality. On site the installation needs only short time with minimum civil works. At the location there is only need for piping and some cabelling.<\/p>\n<p>This allows quick realization. Also the plants are easy to extend with additional units or movable to new locations.<br \/>\nThe concept is available for handling potable water and waste water and mobile sludge dewatering.<\/p>\n<p><img decoding=\"async\" style=\"float: right; margin-left: 20px; border: 0px solid #bbbbbb;\" title=\"MBR Kompaktanlage 150 m\u00b3\/d\" src=\"https:\/\/mena-water.eu\/pictures\/mbr150.gif\" alt=\"MBR Package Plant\" \/><\/p>\n<h5>Beneficiile sta\u021biilor de epurare compacte<\/h5>\n<ul>\n<li>Sisteme complete de epurare dovedite eficiente la nivel mondial<\/li>\n<li>Suprafa\u021b\u0103 de construire compact\u0103 \u0219i accesibil\u0103<\/li>\n<li>Lucr\u0103ri civile \u0219i de instalare pe \u0219antier minime<\/li>\n<li>Sistem complet automatizat cu monitorizare on-line<\/li>\n<li>Se poate adapta u\u0219or pentru extensii ulterioare datorit\u0103 sistemului modular<\/li>\n<\/ul>\n<p style=\"text-align: center;\">Reference: <a title=\"Information in English language\" href=\"https:\/\/mena-water.eu\/en\/tag\/container-anlage\/\">informa\u021bii &gt;&gt;<\/a><\/p>\n<p>&nbsp;<\/p>\n","protected":false},"excerpt":{"rendered":"<p>Ap\u0103 potabil\u0103 &#8211; Ap\u0103 uzat\u0103 &#8211; Deshidratare n\u0103mol Our long time experience in designing of water plants motivated us to arrange all necessary components as containerized package. The complete plant will be ready mounted as package units or in standard ISO containers for easy transport and quick delivery.<\/p>\n","protected":false},"author":2,"featured_media":247,"parent":0,"menu_order":0,"comment_status":"closed","ping_status":"closed","template":"","meta":{"footnotes":""},"class_list":["post-19","page","type-page","status-publish","has-post-thumbnail","hentry"],"_links":{"self":[{"href":"https:\/\/mena-water.eu\/ro\/wp-json\/wp\/v2\/pages\/19","targetHints":{"allow":["GET"]}}],"collection":[{"href":"https:\/\/mena-water.eu\/ro\/wp-json\/wp\/v2\/pages"}],"about":[{"href":"https:\/\/mena-water.eu\/ro\/wp-json\/wp\/v2\/types\/page"}],"author":[{"embeddable":true,"href":"https:\/\/mena-water.eu\/ro\/wp-json\/wp\/v2\/users\/2"}],"replies":[{"embeddable":true,"href":"https:\/\/mena-water.eu\/ro\/wp-json\/wp\/v2\/comments?post=19"}],"version-history":[{"count":27,"href":"https:\/\/mena-water.eu\/ro\/wp-json\/wp\/v2\/pages\/19\/revisions"}],"predecessor-version":[{"id":342,"href":"https:\/\/mena-water.eu\/ro\/wp-json\/wp\/v2\/pages\/19\/revisions\/342"}],"wp:featuredmedia":[{"embeddable":true,"href":"https:\/\/mena-water.eu\/ro\/wp-json\/wp\/v2\/media\/247"}],"wp:attachment":[{"href":"https:\/\/mena-water.eu\/ro\/wp-json\/wp\/v2\/media?parent=19"}],"curies":[{"name":"wp","href":"https:\/\/api.w.org\/{rel}","templated":true}]}}