{"id":2,"date":"2015-07-24T19:42:48","date_gmt":"2015-07-24T17:42:48","guid":{"rendered":"http:\/\/mena-water.eu\/ro\/?page_id=2"},"modified":"2015-11-16T21:47:57","modified_gmt":"2015-11-16T19:47:57","slug":"welcome","status":"publish","type":"page","link":"https:\/\/mena-water.eu\/ro\/welcome\/","title":{"rendered":""},"content":{"rendered":"\n\t<div class=\"slideshow_container slideshow_container_style-light\" data-slideshow-id=\"7\" data-style-name=\"style-light\" data-style-version=\"2.5.20\" >\n\t\t<div class=\"slideshow_loading_icon\"><\/div>\n\t\t<div class=\"slideshow_content\" style=\"display: none;\">\n\t\t\t<div class=\"slideshow_view\">\n\t\t\t\t<div class=\"slideshow_slide slideshow_slide_image\">\n\t\t\t\t\t\t\t\t\t\t\t<img src=\"https:\/\/mena-water.eu\/ro\/wp-content\/uploads\/sites\/12\/2015\/07\/MBR_ASL-.jpg\" alt=\"MBR Package Plant\" width=\"1600\" height=\"600\" \/>\n\t\t\t\t\t\t\t\t\t\t<div class=\"slideshow_description_box slideshow_transparent\">\n\t\t\t\t\t\t<div class=\"slideshow_title\">MBR Package Plant<\/div>\t\t\t\t\t\t\t\t\t\t\t<\/div>\n\t\t\t\t<\/div>\n\n\t\t\t\t\t\t\t\t\t<\/div>\n\t\t\t<div class=\"slideshow_view\">\n\t\t\t\t<div class=\"slideshow_slide slideshow_slide_image\">\n\t\t\t\t\t<a href=\"http:\/\/mena-water.eu\/ro\/containerized\/\" target=\"_self\">\t\t\t\t\t\t<img src=\"https:\/\/mena-water.eu\/ro\/wp-content\/uploads\/sites\/12\/2015\/07\/containerized.jpg\" alt=\"Package Plants\" width=\"1600\" height=\"600\" \/>\n\t\t\t\t\t<\/a>\t\t\t\t\t<div class=\"slideshow_description_box slideshow_transparent\">\n\t\t\t\t\t\t<div class=\"slideshow_title\"><a href=\"http:\/\/mena-water.eu\/ro\/containerized\/\" target=\"_self\">Package Plants<\/a><\/div>\t\t\t\t\t\t\t\t\t\t\t<\/div>\n\t\t\t\t<\/div>\n\n\t\t\t\t\t\t\t\t\t<\/div>\n\t\t\t<div class=\"slideshow_view\">\n\t\t\t\t<div class=\"slideshow_slide slideshow_slide_image\">\n\t\t\t\t\t<a href=\"http:\/\/mena-water.eu\/ro\/containerized\/\" target=\"_self\">\t\t\t\t\t\t<img src=\"https:\/\/mena-water.eu\/ro\/wp-content\/uploads\/sites\/12\/2015\/07\/kompaktanlagen.jpg\" alt=\"Standardized Plants\" width=\"1600\" height=\"600\" \/>\n\t\t\t\t\t<\/a>\t\t\t\t\t<div class=\"slideshow_description_box slideshow_transparent\">\n\t\t\t\t\t\t<div class=\"slideshow_title\"><a href=\"http:\/\/mena-water.eu\/ro\/containerized\/\" target=\"_self\">Standardized Plants<\/a><\/div>\t\t\t\t\t\t\t\t\t\t\t<\/div>\n\t\t\t\t<\/div>\n\n\t\t\t\t\t\t\t\t\t<\/div>\n\t\t\t<div class=\"slideshow_view\">\n\t\t\t\t<div class=\"slideshow_slide slideshow_slide_image\">\n\t\t\t\t\t<a href=\"http:\/\/mena-water.eu\/ro\/businessfields\/mena-water-gmbh\/\" target=\"_self\">\t\t\t\t\t\t<img src=\"https:\/\/mena-water.eu\/ro\/wp-content\/uploads\/sites\/12\/2015\/07\/Kandel.png\" alt=\"MENA WATER GmbH\" width=\"825\" height=\"321\" \/>\n\t\t\t\t\t<\/a>\t\t\t\t\t<div class=\"slideshow_description_box slideshow_transparent\">\n\t\t\t\t\t\t<div class=\"slideshow_title\"><a href=\"http:\/\/mena-water.eu\/ro\/businessfields\/mena-water-gmbh\/\" target=\"_self\">MENA WATER GmbH<\/a><\/div>\t\t\t\t\t\t\t\t\t\t\t<\/div>\n\t\t\t\t<\/div>\n\n\t\t\t\t\t\t\t\t\t<\/div>\n\t\t\t<div class=\"slideshow_view\">\n\t\t\t\t<div class=\"slideshow_slide slideshow_slide_image\">\n\t\t\t\t\t<a href=\"http:\/\/mena-water.eu\/ro\/products\/water\/\" target=\"_self\">\t\t\t\t\t\t<img src=\"https:\/\/mena-water.eu\/ro\/wp-content\/uploads\/sites\/12\/2015\/07\/MENA_FZC.jpg\" alt=\"MENA WATER FZC\" width=\"1600\" height=\"600\" \/>\n\t\t\t\t\t<\/a>\t\t\t\t\t<div class=\"slideshow_description_box slideshow_transparent\">\n\t\t\t\t\t\t<div class=\"slideshow_title\"><a href=\"http:\/\/mena-water.eu\/ro\/products\/water\/\" target=\"_self\">MENA WATER FZC<\/a><\/div>\t\t\t\t\t\t\t\t\t\t\t<\/div>\n\t\t\t\t<\/div>\n\n\t\t\t\t\t\t\t\t\t<\/div>\n\t\t\t<div class=\"slideshow_view\">\n\t\t\t\t<div class=\"slideshow_slide slideshow_slide_image\">\n\t\t\t\t\t\t\t\t\t\t\t<img src=\"https:\/\/mena-water.eu\/ro\/wp-content\/uploads\/sites\/12\/2015\/07\/drinking-water-problems.jpg\" alt=\"we solve water problems\" width=\"1600\" height=\"600\" \/>\n\t\t\t\t\t\t\t\t\t\t<div class=\"slideshow_description_box slideshow_transparent\">\n\t\t\t\t\t\t<div class=\"slideshow_title\">we solve water problems<\/div>\t\t\t\t\t\t\t\t\t\t\t<\/div>\n\t\t\t\t<\/div>\n\n\t\t\t\t\t\t\t\t\t<\/div>\n\t\t\t<div class=\"slideshow_view\">\n\t\t\t\t<div class=\"slideshow_slide slideshow_slide_image\">\n\t\t\t\t\t<a href=\"http:\/\/mena-water.eu\/ro\/container\/drinkingwater\/\" target=\"_self\">\t\t\t\t\t\t<img src=\"https:\/\/mena-water.eu\/ro\/wp-content\/uploads\/sites\/12\/2015\/07\/drinking-water.jpg\" alt=\"Drinking Water\" width=\"1600\" height=\"600\" \/>\n\t\t\t\t\t<\/a>\t\t\t\t\t<div class=\"slideshow_description_box slideshow_transparent\">\n\t\t\t\t\t\t<div class=\"slideshow_title\"><a href=\"http:\/\/mena-water.eu\/ro\/container\/drinkingwater\/\" target=\"_self\">Drinking Water<\/a><\/div>\t\t\t\t\t\t\t\t\t\t\t<\/div>\n\t\t\t\t<\/div>\n\n\t\t\t\t\t\t\t\t\t<\/div>\n\t\t\t<div class=\"slideshow_view\">\n\t\t\t\t<div class=\"slideshow_slide slideshow_slide_image\">\n\t\t\t\t\t<a href=\"http:\/\/mena-water.eu\/ro\/container\/mbr\/\" target=\"_self\">\t\t\t\t\t\t<img src=\"https:\/\/mena-water.eu\/ro\/wp-content\/uploads\/sites\/12\/2015\/07\/containeranlagen.jpg\" alt=\"Waste Water Plants\" width=\"1600\" height=\"600\" \/>\n\t\t\t\t\t<\/a>\t\t\t\t\t<div class=\"slideshow_description_box slideshow_transparent\">\n\t\t\t\t\t\t<div class=\"slideshow_title\"><a href=\"http:\/\/mena-water.eu\/ro\/container\/mbr\/\" target=\"_self\">Waste Water Plants<\/a><\/div>\t\t\t\t\t\t\t\t\t\t\t<\/div>\n\t\t\t\t<\/div>\n\n\t\t\t\t\t\t\t\t\t<\/div>\n\t\t\t<div class=\"slideshow_view\">\n\t\t\t\t<div class=\"slideshow_slide slideshow_slide_image\">\n\t\t\t\t\t<a href=\"http:\/\/mena-water.eu\/ro\/container\/mbr\/\" target=\"_self\">\t\t\t\t\t\t<img src=\"https:\/\/mena-water.eu\/ro\/wp-content\/uploads\/sites\/12\/2015\/07\/MBR-1600x600.jpg\" alt=\"worldwide\" width=\"1600\" height=\"600\" \/>\n\t\t\t\t\t<\/a>\t\t\t\t\t<div class=\"slideshow_description_box slideshow_transparent\">\n\t\t\t\t\t\t<div class=\"slideshow_title\"><a href=\"http:\/\/mena-water.eu\/ro\/container\/mbr\/\" target=\"_self\">worldwide<\/a><\/div>\t\t\t\t\t\t\t\t\t\t\t<\/div>\n\t\t\t\t<\/div>\n\n\t\t\t\t\t\t\t\t\t<\/div>\n\t\t\t<div class=\"slideshow_view\">\n\t\t\t\t<div class=\"slideshow_slide slideshow_slide_image\">\n\t\t\t\t\t<a href=\"http:\/\/mena-water.eu\/ro\/container\/mbr\/\" target=\"_self\">\t\t\t\t\t\t<img src=\"https:\/\/mena-water.eu\/ro\/wp-content\/uploads\/sites\/12\/2015\/07\/MBR25-remote.jpg\" alt=\"remote supervision\" width=\"1600\" height=\"600\" \/>\n\t\t\t\t\t<\/a>\t\t\t\t\t<div class=\"slideshow_description_box slideshow_transparent\">\n\t\t\t\t\t\t<div class=\"slideshow_title\"><a href=\"http:\/\/mena-water.eu\/ro\/container\/mbr\/\" target=\"_self\">remote supervision<\/a><\/div>\t\t\t\t\t\t\t\t\t\t\t<\/div>\n\t\t\t\t<\/div>\n\n\t\t\t\t\t\t\t\t\t<\/div>\n\t\t\t<div class=\"slideshow_view\">\n\t\t\t\t<div class=\"slideshow_slide slideshow_slide_image\">\n\t\t\t\t\t<a href=\"http:\/\/mena-water.eu\/ro\/businessfields\/industrijska\/\" target=\"_self\">\t\t\t\t\t\t<img src=\"https:\/\/mena-water.eu\/ro\/wp-content\/uploads\/sites\/12\/2015\/07\/industrial_1600.jpg\" alt=\"Industrial Water Treatment\" width=\"1600\" height=\"600\" \/>\n\t\t\t\t\t<\/a>\t\t\t\t\t<div class=\"slideshow_description_box slideshow_transparent\">\n\t\t\t\t\t\t<div class=\"slideshow_title\"><a href=\"http:\/\/mena-water.eu\/ro\/businessfields\/industrijska\/\" target=\"_self\">Industrial Water Treatment<\/a><\/div>\t\t\t\t\t\t\t\t\t\t\t<\/div>\n\t\t\t\t<\/div>\n\n\t\t\t\t\t\t\t\t\t<\/div>\n\t\t<\/div>\n\t\t<div class=\"slideshow_controlPanel slideshow_transparent\" style=\"display: none;\"><ul><li class=\"slideshow_togglePlay\" data-play-text=\"Play\" data-pause-text=\"Pause\"><\/li><\/ul><\/div>\n\t\t<div class=\"slideshow_button slideshow_previous slideshow_transparent\" role=\"button\" data-previous-text=\"Previous\" style=\"display: none;\"><\/div>\n\t\t<div class=\"slideshow_button slideshow_next slideshow_transparent\" role=\"button\" data-next-text=\"Next\" style=\"display: none;\"><\/div>\n\t\t<div class=\"slideshow_pagination\" style=\"display: none;\" data-go-to-text=\"Go to slide\"><div class=\"slideshow_pagination_center\"><\/div><\/div>\n\t<\/div>\n\n\n<h1 style=\"color: #337bbe; margin-top: 10px;\">Bine a\u021bi venit la MENA-Water<\/h1>\n<p><strong>MENA-Water stabile\u0219te noi standarde \u00een dezvoltarea \u0219i fabricarea de solu\u021bii \u0219i servicii inovatoare \u00een domenii de tratare a apei \u0219i a apelor reziduale.<br \/>\n<a href=\"https:\/\/mena-water.eu\/ro\/businessfields\/mena-water-gmbh\/\">\u00bb Cite\u0219te mai mult \u00bb <\/a><\/strong><!--more--><\/p>\n<h3>Dispozitive de calitatea apei \u0219i a mediului<\/h3>\n<ul>\n<li><a href=\"https:\/\/mena-water.eu\/ro\/businessfields\/drinking-water\/\">Ap\u0103 potabil\u0103<\/a><\/li>\n<li><a href=\"https:\/\/mena-water.eu\/ro\/businessfields\/komunalna\/\">Epurare ap\u0103 uzat\u0103 menajer\u0103<\/a><\/li>\n<li><a href=\"https:\/\/mena-water.eu\/ro\/businessfields\/industrijska\/\">Epurare ap\u0103 industrial\u0103<\/a><\/li>\n<li><a href=\"https:\/\/mena-water.eu\/ro\/businessfields\/obdelava-blata\/\">Tratarea n\u0103molului<\/a><\/li>\n<li><a href=\"https:\/\/mena-water.eu\/ro\/containerized\/\">\tSolu\u021bii containerizate<\/a><\/li>\n<\/ul>\n<h4 style=\"color: #337bbe; text-align: center;\">Scopul nostru este de \u00eencredere dumneavoastr\u0103<\/h4>\n<p>&nbsp;<\/p>\n<div style=\"width: 640px;\" class=\"wp-video\"><video class=\"wp-video-shortcode\" id=\"video-2-1\" width=\"640\" height=\"360\" poster=\"https:\/\/mena-water.eu\/movie\/Mena-video.jpg\" preload=\"metadata\" controls=\"controls\"><source type=\"video\/mp4\" src=\"https:\/\/mena-water.eu\/movie\/MENA-Water_Video_e.mp4?_=1\" \/><a href=\"https:\/\/mena-water.eu\/movie\/MENA-Water_Video_e.mp4\">https:\/\/mena-water.eu\/movie\/MENA-Water_Video_e.mp4<\/a><\/video><\/div>\n<p>&nbsp;<\/p>\n","protected":false},"excerpt":{"rendered":"<p>Bine a\u021bi venit la MENA-Water MENA-Water stabile\u0219te noi standarde \u00een dezvoltarea \u0219i fabricarea de solu\u021bii \u0219i servicii inovatoare \u00een domenii de tratare a apei \u0219i a apelor reziduale. \u00bb Cite\u0219te mai mult \u00bb<\/p>\n","protected":false},"author":2,"featured_media":0,"parent":0,"menu_order":0,"comment_status":"closed","ping_status":"closed","template":"","meta":{"footnotes":""},"class_list":["post-2","page","type-page","status-publish","hentry"],"_links":{"self":[{"href":"https:\/\/mena-water.eu\/ro\/wp-json\/wp\/v2\/pages\/2","targetHints":{"allow":["GET"]}}],"collection":[{"href":"https:\/\/mena-water.eu\/ro\/wp-json\/wp\/v2\/pages"}],"about":[{"href":"https:\/\/mena-water.eu\/ro\/wp-json\/wp\/v2\/types\/page"}],"author":[{"embeddable":true,"href":"https:\/\/mena-water.eu\/ro\/wp-json\/wp\/v2\/users\/2"}],"replies":[{"embeddable":true,"href":"https:\/\/mena-water.eu\/ro\/wp-json\/wp\/v2\/comments?post=2"}],"version-history":[{"count":31,"href":"https:\/\/mena-water.eu\/ro\/wp-json\/wp\/v2\/pages\/2\/revisions"}],"predecessor-version":[{"id":285,"href":"https:\/\/mena-water.eu\/ro\/wp-json\/wp\/v2\/pages\/2\/revisions\/285"}],"wp:attachment":[{"href":"https:\/\/mena-water.eu\/ro\/wp-json\/wp\/v2\/media?parent=2"}],"curies":[{"name":"wp","href":"https:\/\/api.w.org\/{rel}","templated":true}]}}