{"id":28,"date":"2015-07-24T20:25:30","date_gmt":"2015-07-24T18:25:30","guid":{"rendered":"http:\/\/mena-water.eu\/ro\/?page_id=28"},"modified":"2017-07-10T12:18:27","modified_gmt":"2017-07-10T09:18:27","slug":"download","status":"publish","type":"page","link":"https:\/\/mena-water.eu\/ro\/download\/","title":{"rendered":"Downloads"},"content":{"rendered":"<p><img decoding=\"async\" style=\"border: 0; margin-top: -75px; margin-left: 10px; padding: 0px; float: right;\" title=\"download\" src=\"https:\/\/mena-water.eu\/pictures\/crane_100.gif\" alt=\"info\" \/><\/p>\n<p style=\"text-align: right;margin-top: 0px\"><img loading=\"lazy\" decoding=\"async\" style=\"border: 0;margin-top: -5px;margin-left: 10px;padding: 0px;float: right\" title=\"Prospekte\" src=\"https:\/\/mena-water.eu\/pictures\/info.gif\" alt=\"info\" width=\"50\" height=\"50\" \/>Pliante \u0219i bro\u0219uri oferite \u00een format PDF.\n<\/p>\n<h3>MBR plant\u0103 compact\u0103:<\/h3>\n<p> <strong>MBR instala\u021bie compact\u0103 pentru epurare a apelor uzate<\/strong><br \/>\n<img loading=\"lazy\" decoding=\"async\" class=\"size-full wp-image-391 alignright\" src=\"https:\/\/mena-water.eu\/office\/mbr.jpg\" alt=\"mbr\" width=\"179\" height=\"126\"  style=\"border: 1px solid #ccc;box-shadow: 0 3px 6px rgba(0, 0, 0, 0.1);margin-bottom: 5px;border-radius:1px;\"\/><span style=\"border: 1px solid #ccc;padding: 4px;background-color: #fafcfa\">ro \/ rom\u00e2n\u0103 &#8211; <a href=\"http:\/\/www.mena-water.com\/download\/MBR-A4_Ro.pdf\" target=\"_blank\">A4 [441kB] pdf &rArr;<\/a><\/span><br \/>\nsl \/ sloven\u0161\u010dina &#8211; <a href=\"http:\/\/www.mena-water.com\/download\/MBR-A4_Sl.pdf\" target=\"_blank\">A4 [441kB] pdf &rArr;<\/a><br \/>\nhr \/ hrvatska &#8211; <a href=\"http:\/\/www.mena-water.com\/download\/MBR-A4_Hr.pdf\" target=\"_blank\">A4 [441kB] pdf &rArr;<\/a><br \/>\nde \/ deutsch &#8211; <a href=\"http:\/\/www.mena-water.com\/download\/MBR-A4_De.pdf\" target=\"_blank\">A4 [560kB] pdf &rArr;<\/a><br \/>\nfr \/ fran\u00e7ais &#8211; <a href=\"http:\/\/www.mena-water.com\/download\/MBR-A4_Fr.pdf\" target=\"_blank\">A4 [568kB] pdf &rArr;<\/a><br \/>\nen \/ english &#8211; <a href=\"http:\/\/www.mena-water.com\/download\/MBR-A4_En.pdf\" target=\"_blank\">A4 [593kB] pdf &rArr;<\/a><\/p>\n<h3>MENA-Water bro\u0219ur\u0103 corporative:<\/h3>\n<p><strong>Dispozitive de calitatea apei \u0219i a mediului<br \/>\n  Profil companie, sectoare, grupe de produse \u0219i de referin\u021b\u0103.<\/strong><br \/>\n<img loading=\"lazy\" decoding=\"async\" class=\"size-full wp-image-385 alignright\" src=\"https:\/\/mena-water.eu\/pictures\/Profile-brochure.jpg\" alt=\"Profile-brochure\" width=\"179\" height=\"126\" style=\"border: 1px solid #ccc;box-shadow: 0 3px 6px rgba(0, 0, 0, 0.1);margin-bottom: 5px;border-radius:1px;\"\/><!--<span style=\"border: 1px solid #ccc;padding: 4px;background-color: #fafcfa\">ro \/ rom\u00e2n\u0103 - <a href=\"http:\/\/www.mena-water.com\/download\/MENA-Water-A4_Ro.pdf\" target=\"_blank\">A4 [754kB] pdf &rArr;<\/a><\/span>-->sl \/ sloven\u0161\u010dina &#8211; <a href=\"http:\/\/www.mena-water.com\/download\/MENA-Water-A4_Sl.pdf\" target=\"_blank\">A4 [754kB] pdf &rArr;<\/a><br \/>\nhr \/ hrvatska &#8211; <a href=\"http:\/\/www.mena-water.com\/download\/MENA-Water-A4_Hr.pdf\" target=\"_blank\">A4 [785kB] pdf &rArr;<\/a><br \/>\nde \/ deutsch &#8211; <a href=\"http:\/\/www.mena-water.com\/download\/MENA-Water-A4_De.pdf\" target=\"_blank\">A4 [792kB] pdf &rArr;<\/a><br \/>\nfr \/ fran\u00e7ais &#8211; <a href=\"http:\/\/www.mena-water.com\/download\/MENA-Water-A4_Fr.pdf\" target=\"_blank\">A4 [822kB] pdf &rArr;<\/a><br \/>\nen \/ english &#8211; <a href=\"http:\/\/www.mena-water.com\/download\/MENA-Water-A4_En.pdf\" target=\"_blank\">A4 [839kB] pdf &rArr;<\/a><br \/>\n<br clear=\"all\"\/><\/p>\n<p>Mai multe pliante \u0219i bro\u0219uri \u00een alte limbi pot fi g\u0103site <a href=\"https:\/\/mena-water.eu\/en\/downloadbereich\/\">aici &rArr;<\/a>.<\/p>\n<p><br clear=\"all\"\/><\/p>\n","protected":false},"excerpt":{"rendered":"<p>Pliante \u0219i bro\u0219uri oferite \u00een format PDF. MBR plant\u0103 compact\u0103: MBR instala\u021bie compact\u0103 pentru epurare a apelor uzate ro \/ rom\u00e2n\u0103 &#8211; A4 [441kB] pdf &rArr; sl \/ sloven\u0161\u010dina &#8211; A4 [441kB] pdf &rArr; hr \/ hrvatska &#8211; A4 [441kB] pdf &rArr; de \/ deutsch &#8211; A4 [560kB] pdf &rArr; \u2026 <a class=\"continue-reading-link\" href=\"https:\/\/mena-water.eu\/ro\/download\/\">Continua\u021bi lectur\u0103 <span class=\"meta-nav\">&rarr; <\/span><\/a><\/p>\n","protected":false},"author":2,"featured_media":0,"parent":0,"menu_order":0,"comment_status":"closed","ping_status":"closed","template":"","meta":{"footnotes":""},"class_list":["post-28","page","type-page","status-publish","hentry"],"_links":{"self":[{"href":"https:\/\/mena-water.eu\/ro\/wp-json\/wp\/v2\/pages\/28","targetHints":{"allow":["GET"]}}],"collection":[{"href":"https:\/\/mena-water.eu\/ro\/wp-json\/wp\/v2\/pages"}],"about":[{"href":"https:\/\/mena-water.eu\/ro\/wp-json\/wp\/v2\/types\/page"}],"author":[{"embeddable":true,"href":"https:\/\/mena-water.eu\/ro\/wp-json\/wp\/v2\/users\/2"}],"replies":[{"embeddable":true,"href":"https:\/\/mena-water.eu\/ro\/wp-json\/wp\/v2\/comments?post=28"}],"version-history":[{"count":41,"href":"https:\/\/mena-water.eu\/ro\/wp-json\/wp\/v2\/pages\/28\/revisions"}],"predecessor-version":[{"id":331,"href":"https:\/\/mena-water.eu\/ro\/wp-json\/wp\/v2\/pages\/28\/revisions\/331"}],"wp:attachment":[{"href":"https:\/\/mena-water.eu\/ro\/wp-json\/wp\/v2\/media?parent=28"}],"curies":[{"name":"wp","href":"https:\/\/api.w.org\/{rel}","templated":true}]}}