{"id":19,"date":"2015-07-24T20:12:45","date_gmt":"2015-07-24T18:12:45","guid":{"rendered":"http:\/\/mena-water.eu\/si\/?page_id=19"},"modified":"2018-05-23T23:59:04","modified_gmt":"2018-05-23T21:59:04","slug":"containerized","status":"publish","type":"page","link":"https:\/\/mena-water.eu\/si\/containerized\/","title":{"rendered":"Kontejnerske re\u0161itve"},"content":{"rendered":"<h5><img loading=\"lazy\" decoding=\"async\" class=\"alignnone size-full wp-image-8\" src=\"https:\/\/mena-water.eu\/si\/wp-content\/uploads\/sites\/8\/2015\/07\/containeranlagen.jpg\" alt=\"\" width=\"1600\" height=\"600\" srcset=\"https:\/\/mena-water.eu\/si\/wp-content\/uploads\/sites\/8\/2015\/07\/containeranlagen.jpg 1600w, https:\/\/mena-water.eu\/si\/wp-content\/uploads\/sites\/8\/2015\/07\/containeranlagen-300x113.jpg 300w, https:\/\/mena-water.eu\/si\/wp-content\/uploads\/sites\/8\/2015\/07\/containeranlagen-1024x384.jpg 1024w\" sizes=\"auto, (max-width: 1600px) 100vw, 1600px\" \/><\/h5>\n<h5 style=\"padding-top: 0px; margin-top: 0px; text-align: center; color: #244c8a;\">ODPADNA VODA &#8211; PITNA VODA &#8211; OBDELAVA BLATA<\/h5>\n<p><strong>Na\u0161e kontejnerske naprave za odpadno vodo, pitno vodo in mobilno dehidracijo blata so re\u0161itve na klju\u010d.<\/strong><\/p>\n<p><img loading=\"lazy\" decoding=\"async\" class=\"alignright\" style=\"float: right; margin-left: 20px; margin-top: 30px; margin-bottom: 20px;\" src=\"https:\/\/mena-water.eu\/pictures\/package-container.jpg\" alt=\"container\" width=\"200\" height=\"200\" \/><br \/>\nSistemi so mobilni in jih je mo\u017eno modularno raz\u0161iriti. Tehni\u010dna oprema za kompleten proces obdelave je pred-montirana in omogo\u010da enostaven transport, hitro dobavo ter namestitev na lokaciji. Na\u0161e kontejnerske re\u0161itve slu\u017eijo za do 20.000 populacijskih enot po kontejnerju.<!--more--><\/p>\n<p>Instalacija in vklju\u010ditev se izvede takoj po dobavi in zahteva samo minimalen \u010das. Gradbene priprave za cevne in kabelske povezave so minimalne. Vse to dopu\u0161\u010da hiter \u010das realizacije, naprave so raz\u0161irljive in jih je, po potrebi, mo\u017eno kasneje prestaviti.<\/p>\n<p>Za \u010di\u0161\u010denje odpadnih voda nudimo MBR kontejnerje kot modularne enote za komunalne in industrijske namene. Vse komponente, kot egalizacijski bazeni, aerobni in anaerobni reaktorji kot tudi membranske filtrirne komore so name\u0161\u010dene v standardnih ISO kontejnerjih. O\u010di\u0161\u010dena odpadna voda se lahko brez nadaljnje obdelave uporablja za namakanje.<br \/>\n<img decoding=\"async\" style=\"float: right; margin-left: 20px; border: 0px solid #bbbbbb;\" title=\"MBR Kompaktanlage 150 m\u00b3\/d\" src=\"https:\/\/mena-water.eu\/pictures\/mbr150.gif\" alt=\"MBR Package Plant\" \/><\/p>\n<p><strong>Dobavljive so slede\u010de kontejnerske naprave:<\/strong><\/p>\n<ul>\n<li>membranske naprave <a href=\"https:\/\/mena-water.eu\/si\/container\/mbr\/\">&gt;&gt;&gt;&gt;<\/a><\/li>\n<li>naprave za pitno vodo<\/li>\n<li>naprave za obratno osmozo<\/li>\n<li>male \u010distilne naprave<\/li>\n<li>naprave za dehidracijo blata<\/li>\n<li>obdelava sivih voda<\/li>\n<li>ultra-filtracija<\/li>\n<li>\u010di\u0161\u010denje industrijskih odpadnih voda<\/li>\n<li>SBR sistemi<\/li>\n<\/ul>\n<h5>Prednosti paketnih re\u0161itev<\/h5>\n<ul>\n<li>kontejnerska pred-montirana naprava<\/li>\n<li>minimalni gradbeni poseg na lokaciji<\/li>\n<li>modularno raz\u0161irljiva<\/li>\n<li>enostavna selitev na novo lokacijo<\/li>\n<li>enostavna prilagoditev obstoje\u010dih naprav<\/li>\n<li>neodvisna oskrba z energijo preko agregata<\/li>\n<\/ul>\n<p style=\"text-align: center;\">Ve\u010d informacij: <a title=\"container\" href=\"https:\/\/mena-water.eu\/en\/category\/container\/\">Preberi ve\u010d &gt;&gt;<\/a><\/p>\n<p style=\"text-align: center;\">Reference: <a title=\"Container Plants\" href=\"https:\/\/mena-water.eu\/en\/tag\/container-anlage\/\">Preberi ve\u010d &gt;&gt;<\/a><\/p>\n<p><img loading=\"lazy\" decoding=\"async\" class=\"alignnone size-full wp-image-14\" src=\"https:\/\/mena-water.eu\/si\/wp-content\/uploads\/sites\/8\/2015\/07\/kompaktanlagen.jpg\" alt=\"\" width=\"1600\" height=\"600\" srcset=\"https:\/\/mena-water.eu\/si\/wp-content\/uploads\/sites\/8\/2015\/07\/kompaktanlagen.jpg 1600w, https:\/\/mena-water.eu\/si\/wp-content\/uploads\/sites\/8\/2015\/07\/kompaktanlagen-300x113.jpg 300w, https:\/\/mena-water.eu\/si\/wp-content\/uploads\/sites\/8\/2015\/07\/kompaktanlagen-1024x384.jpg 1024w\" sizes=\"auto, (max-width: 1600px) 100vw, 1600px\" \/><\/p>\n<p>&nbsp;<\/p>\n<hr \/>\n<h2>Postaje za javno oskrbo s vodo<\/h2>\n<h6>ZA OSKRBO PODE\u017dELSKE REGIJE S POMANJKANJEM OMRE\u017dJA IN OBDELAVE ZA ODPADNO VODO<\/h6>\n<p><img loading=\"lazy\" decoding=\"async\" class=\"size-full wp-image-435 alignleft\" src=\"https:\/\/mena-water.eu\/pictures\/7station_sm.gif\" alt=\"7station_sm\" width=\"193\" height=\"135\" \/><br \/>\n<strong>Po vsem svetu, ve\u010d kot 2,5 milijarde ljudi nima dostopa do osnovnih sanitarij.<\/strong><br \/>\nKot re\u0161itev nudimo na\u0161e postaje za javno dostopno pitno vodo in sanitarije.<br \/>\nVarovana postaja se bo postavila na centralnem mestu in vsebuje lo\u010den predel s sesalnim vodom za pitno vodo ter predel s sanitarnimi kabinami z WC-ji, tu\u0161i in umivalniki.<\/p>\n<p>To bo varovalo okolje pred nenadzorovanim onesna\u017eevanjem z odpadno vodo in daje korist ter udobje za ljudi. Zbrane odplake bodo obdelane na samem mestu in se lahko uporabljajo za namakalne namene ali pa se odvedejo v vodotok.<\/p>\n","protected":false},"excerpt":{"rendered":"<p>ODPADNA VODA &#8211; PITNA VODA &#8211; OBDELAVA BLATA Na\u0161e kontejnerske naprave za odpadno vodo, pitno vodo in mobilno dehidracijo blata so re\u0161itve na klju\u010d. Sistemi so mobilni in jih je mo\u017eno modularno raz\u0161iriti. Tehni\u010dna oprema za kompleten proces obdelave je pred-montirana in omogo\u010da enostaven transport, hitro dobavo ter namestitev na \u2026 <a class=\"continue-reading-link\" href=\"https:\/\/mena-water.eu\/si\/containerized\/\">Continua\u021bi lectur\u0103 <span class=\"meta-nav\">&rarr; <\/span><\/a><\/p>\n","protected":false},"author":2,"featured_media":20,"parent":0,"menu_order":0,"comment_status":"closed","ping_status":"closed","template":"","meta":{"footnotes":""},"class_list":["post-19","page","type-page","status-publish","has-post-thumbnail","hentry"],"_links":{"self":[{"href":"https:\/\/mena-water.eu\/si\/wp-json\/wp\/v2\/pages\/19","targetHints":{"allow":["GET"]}}],"collection":[{"href":"https:\/\/mena-water.eu\/si\/wp-json\/wp\/v2\/pages"}],"about":[{"href":"https:\/\/mena-water.eu\/si\/wp-json\/wp\/v2\/types\/page"}],"author":[{"embeddable":true,"href":"https:\/\/mena-water.eu\/si\/wp-json\/wp\/v2\/users\/2"}],"replies":[{"embeddable":true,"href":"https:\/\/mena-water.eu\/si\/wp-json\/wp\/v2\/comments?post=19"}],"version-history":[{"count":18,"href":"https:\/\/mena-water.eu\/si\/wp-json\/wp\/v2\/pages\/19\/revisions"}],"predecessor-version":[{"id":296,"href":"https:\/\/mena-water.eu\/si\/wp-json\/wp\/v2\/pages\/19\/revisions\/296"}],"wp:featuredmedia":[{"embeddable":true,"href":"https:\/\/mena-water.eu\/si\/wp-json\/wp\/v2\/media\/20"}],"wp:attachment":[{"href":"https:\/\/mena-water.eu\/si\/wp-json\/wp\/v2\/media?parent=19"}],"curies":[{"name":"wp","href":"https:\/\/api.w.org\/{rel}","templated":true}]}}