{"id":2,"date":"2015-07-24T19:42:48","date_gmt":"2015-07-24T17:42:48","guid":{"rendered":"http:\/\/mena-water.eu\/si\/?page_id=2"},"modified":"2015-10-01T09:56:45","modified_gmt":"2015-10-01T07:56:45","slug":"welcome","status":"publish","type":"page","link":"https:\/\/mena-water.eu\/si\/welcome\/","title":{"rendered":""},"content":{"rendered":"\n\t<div class=\"slideshow_container slideshow_container_style-light\" data-slideshow-id=\"7\" data-style-name=\"style-light\" data-style-version=\"2.5.20\" >\n\t\t<div class=\"slideshow_loading_icon\"><\/div>\n\t\t<div class=\"slideshow_content\" style=\"display: none;\">\n\t\t\t<div class=\"slideshow_view\">\n\t\t\t\t<div class=\"slideshow_slide slideshow_slide_image\">\n\t\t\t\t\t\t\t\t\t\t\t<img src=\"https:\/\/mena-water.eu\/si\/wp-content\/uploads\/sites\/8\/2015\/07\/MBR_ASL-.jpg\" alt=\"MBR Package Plant\" width=\"1600\" height=\"600\" \/>\n\t\t\t\t\t\t\t\t\t\t<div class=\"slideshow_description_box slideshow_transparent\">\n\t\t\t\t\t\t<div class=\"slideshow_title\">MBR Package Plant<\/div>\t\t\t\t\t\t\t\t\t\t\t<\/div>\n\t\t\t\t<\/div>\n\n\t\t\t\t\t\t\t\t\t<\/div>\n\t\t\t<div class=\"slideshow_view\">\n\t\t\t\t<div class=\"slideshow_slide slideshow_slide_image\">\n\t\t\t\t\t<a href=\"http:\/\/mena-water.eu\/si\/containerized\/\" target=\"_self\">\t\t\t\t\t\t<img src=\"https:\/\/mena-water.eu\/si\/wp-content\/uploads\/sites\/8\/2015\/07\/containerized.jpg\" alt=\"PAKETNE RE\u0160ITVE\" width=\"1600\" height=\"600\" \/>\n\t\t\t\t\t<\/a>\t\t\t\t\t<div class=\"slideshow_description_box slideshow_transparent\">\n\t\t\t\t\t\t<div class=\"slideshow_title\"><a href=\"http:\/\/mena-water.eu\/si\/containerized\/\" target=\"_self\">PAKETNE RE\u0160ITVE<\/a><\/div>\t\t\t\t\t\t\t\t\t\t\t<\/div>\n\t\t\t\t<\/div>\n\n\t\t\t\t\t\t\t\t\t<\/div>\n\t\t\t<div class=\"slideshow_view\">\n\t\t\t\t<div class=\"slideshow_slide slideshow_slide_image\">\n\t\t\t\t\t<a href=\"http:\/\/mena-water.eu\/si\/containerized\/\" target=\"_self\">\t\t\t\t\t\t<img src=\"https:\/\/mena-water.eu\/si\/wp-content\/uploads\/sites\/8\/2015\/07\/kompaktanlagen.jpg\" alt=\"KOMPAKTNE NAPRAVE\" width=\"1600\" height=\"600\" \/>\n\t\t\t\t\t<\/a>\t\t\t\t\t<div class=\"slideshow_description_box slideshow_transparent\">\n\t\t\t\t\t\t<div class=\"slideshow_title\"><a href=\"http:\/\/mena-water.eu\/si\/containerized\/\" target=\"_self\">KOMPAKTNE NAPRAVE<\/a><\/div>\t\t\t\t\t\t\t\t\t\t\t<\/div>\n\t\t\t\t<\/div>\n\n\t\t\t\t\t\t\t\t\t<\/div>\n\t\t\t<div class=\"slideshow_view\">\n\t\t\t\t<div class=\"slideshow_slide slideshow_slide_image\">\n\t\t\t\t\t<a href=\"http:\/\/mena-water.eu\/si\/businessfields\/mena-water-gmbh\/\" target=\"_self\">\t\t\t\t\t\t<img src=\"https:\/\/mena-water.eu\/si\/wp-content\/uploads\/sites\/8\/2015\/07\/Kandel.png\" alt=\"MENA WATER GmbH\" width=\"825\" height=\"321\" \/>\n\t\t\t\t\t<\/a>\t\t\t\t\t<div class=\"slideshow_description_box slideshow_transparent\">\n\t\t\t\t\t\t<div class=\"slideshow_title\"><a href=\"http:\/\/mena-water.eu\/si\/businessfields\/mena-water-gmbh\/\" target=\"_self\">MENA WATER GmbH<\/a><\/div>\t\t\t\t\t\t\t\t\t\t\t<\/div>\n\t\t\t\t<\/div>\n\n\t\t\t\t\t\t\t\t\t<\/div>\n\t\t\t<div class=\"slideshow_view\">\n\t\t\t\t<div class=\"slideshow_slide slideshow_slide_image\">\n\t\t\t\t\t<a href=\"http:\/\/mena-water.eu\/si\/products\/water\/\" target=\"_self\">\t\t\t\t\t\t<img src=\"https:\/\/mena-water.eu\/si\/wp-content\/uploads\/sites\/8\/2015\/07\/MENA_FZC.jpg\" alt=\"MENA WATER FZC\" width=\"1600\" height=\"600\" \/>\n\t\t\t\t\t<\/a>\t\t\t\t\t<div class=\"slideshow_description_box slideshow_transparent\">\n\t\t\t\t\t\t<div class=\"slideshow_title\"><a href=\"http:\/\/mena-water.eu\/si\/products\/water\/\" target=\"_self\">MENA WATER FZC<\/a><\/div>\t\t\t\t\t\t\t\t\t\t\t<\/div>\n\t\t\t\t<\/div>\n\n\t\t\t\t\t\t\t\t\t<\/div>\n\t\t\t<div class=\"slideshow_view\">\n\t\t\t\t<div class=\"slideshow_slide slideshow_slide_image\">\n\t\t\t\t\t\t\t\t\t\t\t<img src=\"https:\/\/mena-water.eu\/si\/wp-content\/uploads\/sites\/8\/2015\/07\/drinking-water-problems.jpg\" alt=\"RE\u0160UJEMO PROBLEME PITNE VODE\" width=\"1600\" height=\"600\" \/>\n\t\t\t\t\t\t\t\t\t\t<div class=\"slideshow_description_box slideshow_transparent\">\n\t\t\t\t\t\t<div class=\"slideshow_title\">RE\u0160UJEMO PROBLEME PITNE VODE<\/div>\t\t\t\t\t\t\t\t\t\t\t<\/div>\n\t\t\t\t<\/div>\n\n\t\t\t\t\t\t\t\t\t<\/div>\n\t\t\t<div class=\"slideshow_view\">\n\t\t\t\t<div class=\"slideshow_slide slideshow_slide_image\">\n\t\t\t\t\t<a href=\"http:\/\/mena-water.eu\/si\/container\/drinkingwater\/\" target=\"_self\">\t\t\t\t\t\t<img src=\"https:\/\/mena-water.eu\/si\/wp-content\/uploads\/sites\/8\/2015\/07\/drinking-water.jpg\" alt=\"NAPRAVE ZA PITNO VODO\" width=\"1600\" height=\"600\" \/>\n\t\t\t\t\t<\/a>\t\t\t\t\t<div class=\"slideshow_description_box slideshow_transparent\">\n\t\t\t\t\t\t<div class=\"slideshow_title\"><a href=\"http:\/\/mena-water.eu\/si\/container\/drinkingwater\/\" target=\"_self\">NAPRAVE ZA PITNO VODO<\/a><\/div>\t\t\t\t\t\t\t\t\t\t\t<\/div>\n\t\t\t\t<\/div>\n\n\t\t\t\t\t\t\t\t\t<\/div>\n\t\t\t<div class=\"slideshow_view\">\n\t\t\t\t<div class=\"slideshow_slide slideshow_slide_image\">\n\t\t\t\t\t<a href=\"http:\/\/mena-water.eu\/si\/container\/mbr\/\" target=\"_self\">\t\t\t\t\t\t<img src=\"https:\/\/mena-water.eu\/si\/wp-content\/uploads\/sites\/8\/2015\/07\/containeranlagen.jpg\" alt=\"CELOVITE RE\u0160ITVE\" width=\"1600\" height=\"600\" \/>\n\t\t\t\t\t<\/a>\t\t\t\t\t<div class=\"slideshow_description_box slideshow_transparent\">\n\t\t\t\t\t\t<div class=\"slideshow_title\"><a href=\"http:\/\/mena-water.eu\/si\/container\/mbr\/\" target=\"_self\">CELOVITE RE\u0160ITVE<\/a><\/div>\t\t\t\t\t\t\t\t\t\t\t<\/div>\n\t\t\t\t<\/div>\n\n\t\t\t\t\t\t\t\t\t<\/div>\n\t\t\t<div class=\"slideshow_view\">\n\t\t\t\t<div class=\"slideshow_slide slideshow_slide_image\">\n\t\t\t\t\t<a href=\"http:\/\/mena-water.eu\/si\/container\/mbr\/\" target=\"_self\">\t\t\t\t\t\t<img src=\"https:\/\/mena-water.eu\/si\/wp-content\/uploads\/sites\/8\/2015\/07\/MBR-1600x600.jpg\" alt=\"MBR NAPRAVE\" width=\"1600\" height=\"600\" \/>\n\t\t\t\t\t<\/a>\t\t\t\t\t<div class=\"slideshow_description_box slideshow_transparent\">\n\t\t\t\t\t\t<div class=\"slideshow_title\"><a href=\"http:\/\/mena-water.eu\/si\/container\/mbr\/\" target=\"_self\">MBR NAPRAVE<\/a><\/div>\t\t\t\t\t\t\t\t\t\t\t<\/div>\n\t\t\t\t<\/div>\n\n\t\t\t\t\t\t\t\t\t<\/div>\n\t\t\t<div class=\"slideshow_view\">\n\t\t\t\t<div class=\"slideshow_slide slideshow_slide_image\">\n\t\t\t\t\t<a href=\"http:\/\/mena-water.eu\/si\/container\/mbr\/\" target=\"_self\">\t\t\t\t\t\t<img src=\"https:\/\/mena-water.eu\/si\/wp-content\/uploads\/sites\/8\/2015\/07\/MBR25-remote.jpg\" alt=\"MBR-25 DALJINSKO VODENA\" width=\"1600\" height=\"600\" \/>\n\t\t\t\t\t<\/a>\t\t\t\t\t<div class=\"slideshow_description_box slideshow_transparent\">\n\t\t\t\t\t\t<div class=\"slideshow_title\"><a href=\"http:\/\/mena-water.eu\/si\/container\/mbr\/\" target=\"_self\">MBR-25 DALJINSKO VODENA<\/a><\/div>\t\t\t\t\t\t\t\t\t\t\t<\/div>\n\t\t\t\t<\/div>\n\n\t\t\t\t\t\t\t\t\t<\/div>\n\t\t\t<div class=\"slideshow_view\">\n\t\t\t\t<div class=\"slideshow_slide slideshow_slide_image\">\n\t\t\t\t\t<a href=\"http:\/\/mena-water.eu\/si\/businessfields\/industrijska\/\" target=\"_self\">\t\t\t\t\t\t<img src=\"https:\/\/mena-water.eu\/si\/wp-content\/uploads\/sites\/8\/2015\/07\/industrial_1600.jpg\" alt=\"INDUSTRIJSKE NAPRAVE\" width=\"1600\" height=\"600\" \/>\n\t\t\t\t\t<\/a>\t\t\t\t\t<div class=\"slideshow_description_box slideshow_transparent\">\n\t\t\t\t\t\t<div class=\"slideshow_title\"><a href=\"http:\/\/mena-water.eu\/si\/businessfields\/industrijska\/\" target=\"_self\">INDUSTRIJSKE NAPRAVE<\/a><\/div>\t\t\t\t\t\t\t\t\t\t\t<\/div>\n\t\t\t\t<\/div>\n\n\t\t\t\t\t\t\t\t\t<\/div>\n\t\t<\/div>\n\t\t<div class=\"slideshow_controlPanel slideshow_transparent\" style=\"display: none;\"><ul><li class=\"slideshow_togglePlay\" data-play-text=\"Play\" data-pause-text=\"Pause\"><\/li><\/ul><\/div>\n\t\t<div class=\"slideshow_button slideshow_previous slideshow_transparent\" role=\"button\" data-previous-text=\"Previous\" style=\"display: none;\"><\/div>\n\t\t<div class=\"slideshow_button slideshow_next slideshow_transparent\" role=\"button\" data-next-text=\"Next\" style=\"display: none;\"><\/div>\n\t\t<div class=\"slideshow_pagination\" style=\"display: none;\" data-go-to-text=\"Go to slide\"><div class=\"slideshow_pagination_center\"><\/div><\/div>\n\t<\/div>\n\n\n<h1 style=\"color: #337bbe; margin-top: 10px;\">Dobrodo\u0161li v MENA-Water<\/h1>\n<p><strong>MENA-Water postavlja merila v razvoju in izdelavi inovativnih re\u0161itev in storitev na podro\u010djih obdelave voda in odpadnih voda.<br \/>\n<a href=\"https:\/\/mena-water.eu\/si\/businessfields\/mena-water-gmbh\/\">\u00bb Preberi ve\u010d \u00bb <\/a><\/strong><!--more--><\/p>\n<h3>Kakovostne naprave za vodo in okolje<\/h3>\n<ul>\n<li>komunalna odpadna voda<\/li>\n<li>industrijska odpadna voda<\/li>\n<li>pitna voda<\/li>\n<li>kontejnerske re\u0161itve<\/li>\n<li>obdelava blata<\/li>\n<li>obnovljive energije<\/li>\n<\/ul>\n<h4 style=\"color: #337bbe; text-align: center;\">NA\u0160 CILJ JE VA\u0160E ZAUPANJE<\/h4>\n<p>&nbsp;<\/p>\n<div style=\"width: 640px;\" class=\"wp-video\"><video class=\"wp-video-shortcode\" id=\"video-2-1\" width=\"640\" height=\"360\" poster=\"https:\/\/mena-water.eu\/movie\/Mena-video.jpg\" preload=\"metadata\" controls=\"controls\"><source type=\"video\/mp4\" src=\"https:\/\/mena-water.eu\/movie\/MENA-Water_Video_e.mp4?_=1\" \/><a href=\"https:\/\/mena-water.eu\/movie\/MENA-Water_Video_e.mp4\">https:\/\/mena-water.eu\/movie\/MENA-Water_Video_e.mp4<\/a><\/video><\/div>\n<p>&nbsp;<\/p>\n","protected":false},"excerpt":{"rendered":"<p>Dobrodo\u0161li v MENA-Water MENA-Water postavlja merila v razvoju in izdelavi inovativnih re\u0161itev in storitev na podro\u010djih obdelave voda in odpadnih voda. \u00bb Preberi ve\u010d \u00bb<\/p>\n","protected":false},"author":2,"featured_media":0,"parent":0,"menu_order":0,"comment_status":"closed","ping_status":"closed","template":"","meta":{"footnotes":""},"class_list":["post-2","page","type-page","status-publish","hentry"],"_links":{"self":[{"href":"https:\/\/mena-water.eu\/si\/wp-json\/wp\/v2\/pages\/2","targetHints":{"allow":["GET"]}}],"collection":[{"href":"https:\/\/mena-water.eu\/si\/wp-json\/wp\/v2\/pages"}],"about":[{"href":"https:\/\/mena-water.eu\/si\/wp-json\/wp\/v2\/types\/page"}],"author":[{"embeddable":true,"href":"https:\/\/mena-water.eu\/si\/wp-json\/wp\/v2\/users\/2"}],"replies":[{"embeddable":true,"href":"https:\/\/mena-water.eu\/si\/wp-json\/wp\/v2\/comments?post=2"}],"version-history":[{"count":25,"href":"https:\/\/mena-water.eu\/si\/wp-json\/wp\/v2\/pages\/2\/revisions"}],"predecessor-version":[{"id":213,"href":"https:\/\/mena-water.eu\/si\/wp-json\/wp\/v2\/pages\/2\/revisions\/213"}],"wp:attachment":[{"href":"https:\/\/mena-water.eu\/si\/wp-json\/wp\/v2\/media?parent=2"}],"curies":[{"name":"wp","href":"https:\/\/api.w.org\/{rel}","templated":true}]}}