{"id":28,"date":"2015-07-24T20:25:30","date_gmt":"2015-07-24T18:25:30","guid":{"rendered":"http:\/\/mena-water.eu\/si\/?page_id=28"},"modified":"2018-05-24T00:01:37","modified_gmt":"2018-05-23T22:01:37","slug":"download","status":"publish","type":"page","link":"https:\/\/mena-water.eu\/si\/download\/","title":{"rendered":"Prenosi"},"content":{"rendered":"<p><img decoding=\"async\" style=\"border: 0; margin-top: -75px; margin-left: 10px; padding: 0px; float: right;\" title=\"download\" src=\"https:\/\/mena-water.eu\/pictures\/crane_100.gif\" alt=\"info\" \/><\/p>\n<p style=\"text-align: right;margin-top: 0px\"><img loading=\"lazy\" decoding=\"async\" style=\"border: 0;margin-top: -5px;margin-left: 10px;padding: 0px;float: right\" title=\"Prospekte\" src=\"https:\/\/mena-water.eu\/pictures\/info.gif\" alt=\"info\" width=\"50\" height=\"50\" \/>Prospekte in bro\u0161ure ponujamo v PDF-obliki.\n<\/p>\n<h3>MENA-Water pregledni prospekt:<\/h3>\n<p><strong>Kakovostne naprave za vodo in okolje<br \/>\n Profil podjetja, podro\u010dja dejavnosti, skupine proizvodov in reference.<\/strong><br \/>\n<img loading=\"lazy\" decoding=\"async\" class=\"size-full wp-image-385 alignright\" src=\"https:\/\/mena-water.eu\/pictures\/Profile-brochure.jpg\" alt=\"Profile-brochure\" width=\"179\" height=\"126\" style=\"border: 1px solid #ccc;box-shadow: 0 3px 6px rgba(0, 0, 0, 0.1);margin-bottom: 5px;border-radius:1px;\"\/><span style=\"border: 1px solid #ccc;padding: 4px;background-color: #fafcfa\">sl \/ sloven\u0161\u010dina &#8211; <a href=\"https:\/\/mena-water.com\/download\/MENA-Water-A4_Sl.pdf\" target=\"_blank\">A4 [754kB] pdf &rArr;<\/a><\/span><br \/>\nhr \/ hrvatska &#8211; <a href=\"https:\/\/mena-water.com\/download\/MENA-Water-A4_Hr.pdf\" target=\"_blank\">A4 [785kB] pdf &rArr;<\/a><br \/>\nde \/ deutsch &#8211; <a href=\"https:\/\/mena-water.com\/download\/MENA-Water-A4_De.pdf\" target=\"_blank\">A4 [792kB] pdf &rArr;<\/a><br \/>\nfr \/ fran\u00e7ais &#8211; <a href=\"https:\/\/mena-water.com\/download\/MENA-Water-A4_Fr.pdf\" target=\"_blank\">A4 [822kB] pdf &rArr;<\/a><br \/>\nen \/ english &#8211; <a href=\"https:\/\/mena-water.com\/download\/MENA-Water-A4_En.pdf\" target=\"_blank\">A4 [839kB] pdf &rArr;<\/a><br \/>\n<br clear=\"all\"\/><\/p>\n<h3>MBR kompaktne naprave:<\/h3>\n<p> <strong>MBR kompaktne naprave za \u010di\u0161\u010denje odpadnih voda \u2013 od odpadne do o\u010di\u0161\u010dene vode<\/strong><br \/>\n<img loading=\"lazy\" decoding=\"async\" class=\"size-full wp-image-391 alignright\" src=\"https:\/\/mena-water.eu\/office\/mbr.jpg\" alt=\"mbr\" width=\"179\" height=\"126\"  style=\"border: 1px solid #ccc;box-shadow: 0 3px 6px rgba(0, 0, 0, 0.1);margin-bottom: 5px;border-radius:1px;\"\/><span style=\"border: 1px solid #ccc;padding: 4px;background-color: #fafcfa\">sl \/ sloven\u0161\u010dina &#8211; <a href=\"https:\/\/mena-water.com\/download\/MBR-A4_Sl.pdf\" target=\"_blank\">A4 [441kB] pdf &rArr;<\/a><\/span><br \/>\nhr \/ hrvatska &#8211; <a href=\"https:\/\/mena-water.com\/download\/MBR-A4_Hr.pdf\" target=\"_blank\">A4 [441kB] pdf &rArr;<\/a><br \/>\nde \/ deutsch &#8211; <a href=\"https:\/\/mena-water.com\/download\/MBR-A4_De.pdf\" target=\"_blank\">A4 [560kB] pdf &rArr;<\/a><br \/>\nfr \/ fran\u00e7ais &#8211; <a href=\"https:\/\/mena-water.com\/download\/MBR-A4_Fr.pdf\" target=\"_blank\">A4 [568kB] pdf &rArr;<\/a><br \/>\nen \/ english &#8211; <a href=\"https:\/\/mena-water.com\/download\/MBR-A4_En.pdf\" target=\"_blank\">A4 [593kB] pdf &rArr;<\/a><\/p>\n<p>Ve\u010d prospektov in bro\u0161ur v drugih jezikih najdete <a href=\"https:\/\/mena-water.eu\/en\/downloadbereich\/\">tukaj &rArr;<\/a>.<\/p>\n<p><br clear=\"all\"\/><\/p>\n","protected":false},"excerpt":{"rendered":"<p>Prospekte in bro\u0161ure ponujamo v PDF-obliki. MENA-Water pregledni prospekt: Kakovostne naprave za vodo in okolje Profil podjetja, podro\u010dja dejavnosti, skupine proizvodov in reference. sl \/ sloven\u0161\u010dina &#8211; A4 [754kB] pdf &rArr; hr \/ hrvatska &#8211; A4 [785kB] pdf &rArr; de \/ deutsch &#8211; A4 [792kB] pdf &rArr; fr \/ fran\u00e7ais \u2026 <a class=\"continue-reading-link\" href=\"https:\/\/mena-water.eu\/si\/download\/\">Continua\u021bi lectur\u0103 <span class=\"meta-nav\">&rarr; <\/span><\/a><\/p>\n","protected":false},"author":2,"featured_media":0,"parent":0,"menu_order":0,"comment_status":"closed","ping_status":"closed","template":"","meta":{"footnotes":""},"class_list":["post-28","page","type-page","status-publish","hentry"],"_links":{"self":[{"href":"https:\/\/mena-water.eu\/si\/wp-json\/wp\/v2\/pages\/28","targetHints":{"allow":["GET"]}}],"collection":[{"href":"https:\/\/mena-water.eu\/si\/wp-json\/wp\/v2\/pages"}],"about":[{"href":"https:\/\/mena-water.eu\/si\/wp-json\/wp\/v2\/types\/page"}],"author":[{"embeddable":true,"href":"https:\/\/mena-water.eu\/si\/wp-json\/wp\/v2\/users\/2"}],"replies":[{"embeddable":true,"href":"https:\/\/mena-water.eu\/si\/wp-json\/wp\/v2\/comments?post=28"}],"version-history":[{"count":38,"href":"https:\/\/mena-water.eu\/si\/wp-json\/wp\/v2\/pages\/28\/revisions"}],"predecessor-version":[{"id":298,"href":"https:\/\/mena-water.eu\/si\/wp-json\/wp\/v2\/pages\/28\/revisions\/298"}],"wp:attachment":[{"href":"https:\/\/mena-water.eu\/si\/wp-json\/wp\/v2\/media?parent=28"}],"curies":[{"name":"wp","href":"https:\/\/api.w.org\/{rel}","templated":true}]}}